{"id":19847,"date":"2023-10-05T12:46:58","date_gmt":"2023-10-05T10:46:58","guid":{"rendered":"https:\/\/zvoove.ch\/software\/fatturazione"},"modified":"2024-05-06T15:03:06","modified_gmt":"2024-05-06T13:03:06","slug":"fatturazione","status":"publish","type":"page","link":"https:\/\/zvoove.ch\/it\/software\/fatturazione","title":{"rendered":"Fatturazione"},"content":{"rendered":"<div \n    data-block=\"container\"\n    class=\"bg-cover has-olive-green-5-background pt-60 ph:pt-30 pb-30 ph:pb-20 \"\n    id=\"\"\n    \n>\n    <div\n        class=\"flex flex-col gap-18 ph:gap-12 container \"\n        x-ref=\"innerBlocks\"\n    >\n        \n<div \n    data-block=\"text-image\" \n    class=\"grid grid-cols-2 gap-18 ph:gap-6 tp:grid-cols-1 \"\n>\n    <div class=\"flex\">\n        <div class=\"my-auto\">\n            <div x-ref=\"innerBlocks\" class=\"prose ki-animation\">\n                \n\n<p class=\"is-style-kicker has-fz-16-font-size\">Confortevole e corretto<\/p>\n\n\n\n<h1 class=\"wp-block-heading\">Il pi\u00f9 efficace  <br>Tipo di fatturazione<\/h1>\n\n\n\n<p>Ordine completato, cliente soddisfatto: manca solo la fattura. Risparmiate tempo con la nostra soluzione.<\/p>\n\n\n            <\/div>\n        <\/div>\n    <\/div>\n\n    <div class=\"image ki-animation flex order-last tp:order-first\">\n        <img loading=\"lazy\" decoding=\"async\" width=\"1162\" height=\"1162\" src=\"https:\/\/zvoove.ch\/wp-content\/uploads\/2024\/02\/Group-56161.png\" class=\"block w-full h-auto m-auto\" alt=\"\" srcset=\"https:\/\/zvoove.ch\/wp-content\/uploads\/2024\/02\/Group-56161.png 1162w, https:\/\/zvoove.ch\/wp-content\/uploads\/2024\/02\/Group-56161-300x300.png 300w, https:\/\/zvoove.ch\/wp-content\/uploads\/2024\/02\/Group-56161-1024x1024.png 1024w, https:\/\/zvoove.ch\/wp-content\/uploads\/2024\/02\/Group-56161-150x150.png 150w, https:\/\/zvoove.ch\/wp-content\/uploads\/2024\/02\/Group-56161-768x768.png 768w\" sizes=\"auto, (max-width: 1162px) 100vw, 1162px\" \/>\n    <\/div>\n<\/div>\n\n    <\/div>\n<\/div>\n\n<div \n    data-block=\"container\"\n    class=\"bg-cover has-default-background pt-30 ph:pt-20 pb-15 ph:pb-10 \"\n    id=\"\"\n    \n>\n    <div\n        class=\"flex flex-col gap-30 ph:gap-20 container \"\n        x-ref=\"innerBlocks\"\n    >\n        \n<div data-block=\"text\" class=\"flex justify-start \">\n    <div class=\"prose  ki-animation w-full max-w-content\" x-ref=\"innerBlocks\" >\n        \n\n<h2 class=\"wp-block-heading\">Elaborazione pi\u00f9 rapida di fatture e bollette<\/h2>\n\n\n    <\/div>\n<\/div>\n\n    <\/div>\n<\/div>\n\n<div \n    data-block=\"container\"\n    class=\"bg-cover has-default-background pt-15 ph:pt-10 pb-30 ph:pb-20 \"\n    id=\"\"\n    \n>\n    <div\n        class=\"flex flex-col gap-18 ph:gap-12 container \"\n        x-ref=\"innerBlocks\"\n    >\n        \n<div\n    x-data=\"verticalTabs\"\n    data-block=\"vertical-tabs\"\n    class=\"flex gap-18\"\n>\n    <ul class=\"tp:hidden w-[14rem] space-y-8\">\n        <template x-for=\"tab in tabs\">\n            <li>\n                <button\n                    @click=\"activeTab = tab.id\"\n                    class=\"relative font-semibold text-24 text-left after:absolute after:inset-x-0 after:bottom-0 after:h-px after:bg-dark-forest hocus:after:opacity-100 hocus:after:translate-y-0 after:transition-all transition\"\n                    :class=\"{ 'opacity-50 after:opacity-0 after:translate-y-2': tab.id !== activeTab }\"\n                    x-text=\"tab.label\"\n                >\n                <\/button>\n            <\/li>\n        <\/template>\n    <\/ul>\n    <div x-ref=\"content\" class=\"flex-1 tp:hidden\" x-cloak>\n        <div x-ref=\"innerBlocks\" >\n            \n<div\n    data-block=\"tab\"\n    data-label=\"Fatturazione\"\n    class=\"flex tl:flex-col-reverse gap-18 ph:gap-13\"\n    x-show=\"activeTab === 'Fatturazione'\"\n>\n    <div class=\"shrink-0 w-full max-w-[22.5rem]\">\n        <img loading=\"lazy\" decoding=\"async\" width=\"1160\" height=\"1160\" src=\"https:\/\/zvoove.ch\/wp-content\/uploads\/2024\/05\/rechnungsstellung_erstellung.webp\" class=\"block w-full h-auto\" alt=\"Erstellung\" srcset=\"https:\/\/zvoove.ch\/wp-content\/uploads\/2024\/05\/rechnungsstellung_erstellung.webp 1160w, https:\/\/zvoove.ch\/wp-content\/uploads\/2024\/05\/rechnungsstellung_erstellung-300x300.webp 300w, https:\/\/zvoove.ch\/wp-content\/uploads\/2024\/05\/rechnungsstellung_erstellung-1024x1024.webp 1024w, https:\/\/zvoove.ch\/wp-content\/uploads\/2024\/05\/rechnungsstellung_erstellung-150x150.webp 150w, https:\/\/zvoove.ch\/wp-content\/uploads\/2024\/05\/rechnungsstellung_erstellung-768x768.webp 768w\" sizes=\"auto, (max-width: 1160px) 100vw, 1160px\" \/>\n    <\/div>\n    <div x-ref=\"innerBlocks\" class=\"prose\">\n        \n\n<h3 class=\"wp-block-heading\">Veloce e conveniente grazie all&#8217;ulteriore elaborazione dei dati esistenti.<\/h3>\n\n\n\n<p>L&#8217;ordine \u00e8 stato completato con successo, il cliente \u00e8 soddisfatto. A questo punto gli fatturerete i servizi resi. La base per la fatturazione \u00e8 costituita dai dati della registrazione delle ore. Volete fatturare a tutti i clienti in una volta sola o solo a un cliente specifico? Nessun problema con le ampie funzioni di filtro.<\/p>\n\n\n<div\n    data-block=\"buttons\"\n    class=\"buttons flex flex-wrap justify-start gap-4\"\n    x-ref=\"innerBlocks\"\n>\n    \n<a\n    data-block=\"button\"\n    href=\"https:\/\/zvoove.ch\/it\/chi-siamo\/contattateci\/consulenza\"\n    target=\"_self\"\n    class=\"ph:w-full \"\n>\n    \n\n\n<span\n    class=\"base-button button-hocus:-translate-y-0.5 flex items-center justify-center h-14 pt-[0.2em] base-button-solid px-8 bg-mountain-green dark-bg:bg-white button-hocus:shadow-button rounded-full font-normal dark-bg:text-midnight text-white text-18 whitespace-nowrap transition\"\n    \n>\n    Richiedi una demo\n<\/span><\/a>\n\n<\/div>\n\n    <\/div>\n<\/div>\n\n<div\n    data-block=\"tab\"\n    data-label=\"Presentazione della fattura\"\n    class=\"flex tl:flex-col-reverse gap-18 ph:gap-13\"\n    x-show=\"activeTab === 'Presentazione della fattura'\"\n>\n    <div class=\"shrink-0 w-full max-w-[22.5rem]\">\n        <img loading=\"lazy\" decoding=\"async\" width=\"1160\" height=\"1160\" src=\"https:\/\/zvoove.ch\/wp-content\/uploads\/2024\/05\/rechnungsstellung_darstellung.webp\" class=\"block w-full h-auto\" alt=\"Darstellung\" srcset=\"https:\/\/zvoove.ch\/wp-content\/uploads\/2024\/05\/rechnungsstellung_darstellung.webp 1160w, https:\/\/zvoove.ch\/wp-content\/uploads\/2024\/05\/rechnungsstellung_darstellung-300x300.webp 300w, https:\/\/zvoove.ch\/wp-content\/uploads\/2024\/05\/rechnungsstellung_darstellung-1024x1024.webp 1024w, https:\/\/zvoove.ch\/wp-content\/uploads\/2024\/05\/rechnungsstellung_darstellung-150x150.webp 150w, https:\/\/zvoove.ch\/wp-content\/uploads\/2024\/05\/rechnungsstellung_darstellung-768x768.webp 768w\" sizes=\"auto, (max-width: 1160px) 100vw, 1160px\" \/>\n    <\/div>\n    <div x-ref=\"innerBlocks\" class=\"prose\">\n        \n\n<h3 class=\"wp-block-heading\">Velocit\u00e0 e controllo vanno di pari passo con zvoove.<\/h3>\n\n\n\n<p>Con la nostra struttura di fatturazione personalizzata, il cliente riceve le fatture nella presentazione desiderata.  <br>La copia del rapporto viene automaticamente allegata alla fattura, in modo che il cliente possa controllarla immediatamente e autorizzare il pagamento.<\/p>\n\n\n<div\n    data-block=\"buttons\"\n    class=\"buttons flex flex-wrap justify-start gap-4\"\n    x-ref=\"innerBlocks\"\n>\n    \n<a\n    data-block=\"button\"\n    href=\"https:\/\/zvoove.ch\/it\/chi-siamo\/contattateci\/consulenza\"\n    target=\"_self\"\n    class=\"ph:w-full \"\n>\n    \n\n\n<span\n    class=\"base-button button-hocus:-translate-y-0.5 flex items-center justify-center h-14 pt-[0.2em] base-button-solid px-8 bg-mountain-green dark-bg:bg-white button-hocus:shadow-button rounded-full font-normal dark-bg:text-midnight text-white text-18 whitespace-nowrap transition\"\n    \n>\n    Richiedi una demo\n<\/span><\/a>\n\n<\/div>\n\n    <\/div>\n<\/div>\n\n<div\n    data-block=\"tab\"\n    data-label=\"Invio delle fatture\"\n    class=\"flex tl:flex-col-reverse gap-18 ph:gap-13\"\n    x-show=\"activeTab === 'Invio delle fatture'\"\n>\n    <div class=\"shrink-0 w-full max-w-[22.5rem]\">\n        <img loading=\"lazy\" decoding=\"async\" width=\"1160\" height=\"1160\" src=\"https:\/\/zvoove.ch\/wp-content\/uploads\/2024\/05\/rechnungsstellung_versand.webp\" class=\"block w-full h-auto\" alt=\"Versand\" srcset=\"https:\/\/zvoove.ch\/wp-content\/uploads\/2024\/05\/rechnungsstellung_versand.webp 1160w, https:\/\/zvoove.ch\/wp-content\/uploads\/2024\/05\/rechnungsstellung_versand-300x300.webp 300w, https:\/\/zvoove.ch\/wp-content\/uploads\/2024\/05\/rechnungsstellung_versand-1024x1024.webp 1024w, https:\/\/zvoove.ch\/wp-content\/uploads\/2024\/05\/rechnungsstellung_versand-150x150.webp 150w, https:\/\/zvoove.ch\/wp-content\/uploads\/2024\/05\/rechnungsstellung_versand-768x768.webp 768w\" sizes=\"auto, (max-width: 1160px) 100vw, 1160px\" \/>\n    <\/div>\n    <div x-ref=\"innerBlocks\" class=\"prose\">\n        \n\n<h3 class=\"wp-block-heading\">Ecco come funziona la fatturazione, completamente digitale e senza complicazioni.<\/h3>\n\n\n\n<p>\u00c8 sufficiente mettere le fatture a disposizione dei clienti per il download nel portale clienti online di zvoove go. L&#8217;invio di fatture via e-mail o di fatture elettroniche direttamente da zvoove \u00e8 a portata di clic.<\/p>\n\n\n<div\n    data-block=\"buttons\"\n    class=\"buttons flex flex-wrap justify-start gap-4\"\n    x-ref=\"innerBlocks\"\n>\n    \n<a\n    data-block=\"button\"\n    href=\"https:\/\/zvoove.ch\/it\/chi-siamo\/contattateci\/consulenza\"\n    target=\"_self\"\n    class=\"ph:w-full \"\n>\n    \n\n\n<span\n    class=\"base-button button-hocus:-translate-y-0.5 flex items-center justify-center h-14 pt-[0.2em] base-button-solid px-8 bg-mountain-green dark-bg:bg-white button-hocus:shadow-button rounded-full font-normal dark-bg:text-midnight text-white text-18 whitespace-nowrap transition\"\n    \n>\n    Richiedi una demo\n<\/span><\/a>\n\n<\/div>\n\n    <\/div>\n<\/div>\n\n        <\/div>\n    <\/div>\n    <div class=\"hidden tp:block w-full\">\n        <template x-for=\"tab in tabs\">\n            <div>\n                <button\n                    @click=\"activeTab = activeTab === tab.id ? null : tab.id\"\n                    class=\"flex justify-between items-center gap-6 w-full h-18 text-left\"\n                    :data-tab-id=\"tab.id\"\n                >\n                    <span class=\"font-semibold\" x-text=\"tab.label\"><\/span>\n                    <i\n                        class=\"icon-caret-down transition\"\n                        :class=\"{ 'rotate-180': tab.id === activeTab }\"\n                    ><\/i>\n                <\/button>\n                <div class=\"py-18 border-t\" x-show=\"activeTab === tab.id\">\n                    <div x-html=\"tab.html\"><\/div>\n                <\/div>\n            <\/div>\n        <\/template>\n    <\/div>\n<\/div>\n\n    <\/div>\n<\/div>\n\n<div \n    data-block=\"container\"\n    class=\"bg-cover has-olive-green-5-background pt-30 ph:pt-20 pb-30 ph:pb-20 \"\n    id=\"\"\n    \n>\n    <div\n        class=\"flex flex-col gap-18 ph:gap-12 container \"\n        x-ref=\"innerBlocks\"\n    >\n        \n<div \n    data-block=\"section-intro\"\n    class=\"flex tp:flex-col justify-between gap-6 mb-8 ph:mb-0\"\n>\n    <h2>Ecco perch\u00e9 dovreste creare la vostra fattura con zvoove<\/h2>\n    <div \n        class=\"empty:hidden prose max-w-[31.25rem] tl:max-w-[23rem] tp:max-w-none\"\n        x-ref=\"innerBlocks\"\n    ><\/div>\n<\/div>\n\n<div\n    data-block=\"icon-boxes\"\n    data-columns=\"two\"\n    class=\"grid grid-cols-2 ph:grid-cols-1 gap-x-[14.625rem] tl:gap-x-48 tp:gap-x-28 ph:gap-y-12 gap-y-18 \"\n    x-ref=\"innerBlocks\"\n>\n    \n<div\n    x-data=\"iconBox\"\n    data-block=\"icon-box\"\n    class=\" group\"\n    @keydown.escape.window=\"close()\"\n>\n    <div class=\"text-left\">\n        <span class=\"icon ki-animation relative flex mb-4\">\n                            <span class=\"text-[2.75rem]\" style=\"color: \">\n                    <i class=\"ph ph-circuitry\"><\/i>\n                <\/span>\n                    <\/span>\n        <span class=\"ki-animation block prose-sm\" x-ref=\"innerBlocks\">\n            \n\n<h3 class=\"wp-block-heading\">Elaborazione elettronica dei dati<\/h3>\n\n\n\n<p>Con zvoove, potete contare su una trasmissione dei dati priva di errori. Le ore di lavoro, le spese e gli altri dati rilevanti per l&#8217;impiego gi\u00e0 registrati consentono di ottenere in breve tempo una fattura completa e corretta.<\/p>\n\n\n        <\/span>\n    <\/div>\n\n    <\/div>\n\n<div\n    x-data=\"iconBox\"\n    data-block=\"icon-box\"\n    class=\" group\"\n    @keydown.escape.window=\"close()\"\n>\n    <div class=\"text-left\">\n        <span class=\"icon ki-animation relative flex mb-4\">\n                            <span class=\"text-[2.75rem]\" style=\"color: \">\n                    <i class=\"ph ph-envelope-simple-open\"><\/i>\n                <\/span>\n                    <\/span>\n        <span class=\"ki-animation block prose-sm\" x-ref=\"innerBlocks\">\n            \n\n<h3 class=\"wp-block-heading\">Fattura elettronica<\/h3>\n\n\n\n<p>Emettete e inviate facilmente le vostre fatture elettroniche con il supporto di ZUGFeRD.<\/p>\n\n\n        <\/span>\n    <\/div>\n\n    <\/div>\n\n<div\n    x-data=\"iconBox\"\n    data-block=\"icon-box\"\n    class=\" group\"\n    @keydown.escape.window=\"close()\"\n>\n    <div class=\"text-left\">\n        <span class=\"icon ki-animation relative flex mb-4\">\n                            <span class=\"text-[2.75rem]\" style=\"color: \">\n                    <i class=\"ph ph-sliders\"><\/i>\n                <\/span>\n                    <\/span>\n        <span class=\"ki-animation block prose-sm\" x-ref=\"innerBlocks\">\n            \n\n<h3 class=\"wp-block-heading\">Ampie opzioni di filtro<\/h3>\n\n\n\n<p>Funzioni pratiche di filtro in relazione a clienti, candidati, incarichi, ecc. per una fatturazione pi\u00f9 rapida.<\/p>\n\n\n        <\/span>\n    <\/div>\n\n    <\/div>\n\n<div\n    x-data=\"iconBox\"\n    data-block=\"icon-box\"\n    class=\" group\"\n    @keydown.escape.window=\"close()\"\n>\n    <div class=\"text-left\">\n        <span class=\"icon ki-animation relative flex mb-4\">\n                            <span class=\"text-[2.75rem]\" style=\"color: \">\n                    <i class=\"ph ph-check-circle\"><\/i>\n                <\/span>\n                    <\/span>\n        <span class=\"ki-animation block prose-sm\" x-ref=\"innerBlocks\">\n            \n\n<h3 class=\"wp-block-heading\">Confortevole<\/h3>\n\n\n\n<p>Con zvoove, potete anche mettere semplicemente a disposizione dei vostri clienti le fatture online in zvoove go.<\/p>\n\n\n        <\/span>\n    <\/div>\n\n    <\/div>\n\n<\/div>\n\n    <\/div>\n<\/div>\n\n<div \n    data-block=\"container\"\n    class=\"bg-cover has-indigo-2-background pt-30 ph:pt-20 pb-30 ph:pb-20 \"\n    id=\"\"\n    \n>\n    <div\n        class=\"flex flex-col gap-18 ph:gap-12 w-full \"\n        x-ref=\"innerBlocks\"\n    >\n        \n<div data-block=\"text\" class=\"flex justify-center \">\n    <div class=\"prose prose-center ki-animation w-full max-w-content\" x-ref=\"innerBlocks\" >\n        \n\n<p class=\"has-text-align-right has-fz-32-font-size\"><strong>zvoove \u00e8 il vostro assistente digitale per la fatturazione.<\/strong><\/p>\n\n\n    <\/div>\n<\/div>\n\n<div \n    data-block=\"responsive-image\" \n    class=\"w-full h-auto \"\n>\n    <picture>\n                    <source\n                srcset=\"https:\/\/zvoove.ch\/wp-content\/uploads\/2024\/01\/Grouphomepage_shape_green1.png\"\n                media=\"(orientation: landscape)\"\n                type=\"image\/png\"\n            >\n                \n                    <source\n                srcset=\"https:\/\/zvoove.ch\/wp-content\/uploads\/2024\/01\/Groupmobil_shape1.png\"\n                media=\"(orientation: portrait)\"\n                type=\"image\/png\"\n            >\n        \n                    <img decoding=\"async\"\n                src=\"https:\/\/zvoove.ch\/wp-content\/uploads\/2024\/01\/Grouphomepage_shape_green1.png\"\n                alt=\"homepage_shape\"\n                loading=\"lazy\"\n                class=\"block w-full h-auto\"\n                \n                \n            >\n            <\/picture>\n<\/div>\n\n    <\/div>\n<\/div>\n\n<div \n    data-block=\"container\"\n    class=\"bg-cover has-olive-green-5-background pt-30 ph:pt-20 pb-30 ph:pb-20 \"\n    id=\"\"\n    \n>\n    <div\n        class=\"flex flex-col gap-18 ph:gap-12 container \"\n        x-ref=\"innerBlocks\"\n    >\n        \n<div \n    data-block=\"section-intro\"\n    class=\"flex tp:flex-col justify-between gap-6 mb-8 ph:mb-0\"\n>\n    <h2>La vostra fonte di conoscenza sui software per la fatturazione e l&#8217;emissione di fatture<\/h2>\n    <div \n        class=\"empty:hidden prose max-w-[31.25rem] tl:max-w-[23rem] tp:max-w-none\"\n        x-ref=\"innerBlocks\"\n    >\n\n<p>Scoprite le informazioni utili sul software per  <br>Fatture nel settore dei servizi per il personale.<\/p>\n\n<\/div>\n<\/div>\n\n<div data-block=\"accordeon\" class=\"\">\n    <div x-ref=\"innerBlocks\" class=\"divide-y border-y\">\n        \n<div \n    data-block=\"toggle\" \n    x-data=\"toggle\" \n    data-open=\"1\"\n    class=\"flex flex-col py-10\"\n>\n    <button @click=\"isOpen = !isOpen\" class=\"flex items-center justify-between w-full text-left\">\n        <strong class=\"text-24 ph:text-16 font-semibold\">Perch\u00e9 le agenzie di reclutamento hanno bisogno di un software di fatturazione?  <\/strong>\n        <span\n            :class=\"{\n                'after:scale-y-100': !isOpen,\n                'after:scale-y-0': isOpen,\n            }\"\n            class=\"shrink-0 relative w-5 h-5 before:absolute before:top-1\/2 before:left-1\/2 before:w-full before:h-0.75 before:bg-dark-forest before:rounded before:-translate-x-1\/2 before:-translate-y-1\/2 after:absolute after:top-1\/2 after:left-1\/2 after:w-0.75 after:h-full after:bg-dark-forest after:rounded after:-translate-x-1\/2 after:-translate-y-1\/2 after:transition-all\"\n        ><\/span>\n    <\/button>\n\n    <div\n        x-ref=\"content\"\n        class=\"overflow-hidden transition-all duration-500\"\n        x-cloak :style=\"{ height: initialized &#038;&#038; resizeCounter &#038;&#038; isOpen ? `${$refs.content.scrollHeight}px` : 0 }\"\n    >\n        <div\n            x-ref=\"innerBlocks\"\n            class=\"prose grid grid-cols-2 ph:grid-cols-1 gap-6 mt-6\"\n        >\n            \n<div data-block=\"text\" class=\"flex justify-start \">\n    <div class=\"prose  ki-animation w-full max-w-content\" x-ref=\"innerBlocks\" >\n        \n\n<p>La fatturazione e l&#8217;addebito digitalizzati offrono alle societ\u00e0 di leasing di personale un notevole risparmio di tempo. I fornitori di servizi per il personale possono gestire tutti i processi in un unico software senza alcun ostacolo. Questo sistema memorizza, gestisce ed elabora tutti i dati importanti per l&#8217;operazione. Le fatture vengono alimentate automaticamente dalla distribuzione e dalla gestione dei rapporti. Questo snellisce il processo e riduce al minimo le fonti di errore manuali. In un settore altamente regolamentato come quello del lavoro temporaneo, non solo si risparmia tempo, ma si \u00e8 anche sempre in regola.<\/p>\n\n\n    <\/div>\n<\/div>\n\n        <\/div>\n    <\/div>\n<\/div>\n\n<div \n    data-block=\"toggle\" \n    x-data=\"toggle\" \n    data-open=\"0\"\n    class=\"flex flex-col py-10\"\n>\n    <button @click=\"isOpen = !isOpen\" class=\"flex items-center justify-between w-full text-left\">\n        <strong class=\"text-24 ph:text-16 font-semibold\">Le societ\u00e0 di servizi per il personale possono fornire ai loro clienti anche una fattura digitale?<\/strong>\n        <span\n            :class=\"{\n                'after:scale-y-100': !isOpen,\n                'after:scale-y-0': isOpen,\n            }\"\n            class=\"shrink-0 relative w-5 h-5 before:absolute before:top-1\/2 before:left-1\/2 before:w-full before:h-0.75 before:bg-dark-forest before:rounded before:-translate-x-1\/2 before:-translate-y-1\/2 after:absolute after:top-1\/2 after:left-1\/2 after:w-0.75 after:h-full after:bg-dark-forest after:rounded after:-translate-x-1\/2 after:-translate-y-1\/2 after:transition-all\"\n        ><\/span>\n    <\/button>\n\n    <div\n        x-ref=\"content\"\n        class=\"overflow-hidden transition-all duration-500\"\n        x-cloak :style=\"{ height: initialized &#038;&#038; resizeCounter &#038;&#038; isOpen ? `${$refs.content.scrollHeight}px` : 0 }\"\n    >\n        <div\n            x-ref=\"innerBlocks\"\n            class=\"prose grid grid-cols-2 ph:grid-cols-1 gap-6 mt-6\"\n        >\n            \n<div data-block=\"text\" class=\"flex justify-start \">\n    <div class=\"prose  ki-animation w-full max-w-content\" x-ref=\"innerBlocks\" >\n        \n\n<p>S\u00ec, questo non \u00e8 un problema con zvoove. Una volta completata la fattura, i fornitori di servizi personali possono caricarla facilmente su zvoove go, il centro di comunicazione per voi e i vostri clienti. Se lo desidera, il cliente pu\u00f2 semplicemente scaricare la fattura. Naturalmente, tutto avviene nel rispetto delle norme sulla protezione dei dati. L&#8217;invio di e-mail direttamente da zvoove \u00e8 possibile in qualsiasi momento.<\/p>\n\n\n    <\/div>\n<\/div>\n\n        <\/div>\n    <\/div>\n<\/div>\n\n    <\/div>\n<\/div>\n\n    <\/div>\n<\/div>\n\n<div \n    data-block=\"container\"\n    class=\"bg-cover has-indigo-2-background pt-30 ph:pt-20 pb-30 ph:pb-20 \"\n    id=\"\"\n    \n>\n    <div\n        class=\"flex flex-col gap-18 ph:gap-12 container \"\n        x-ref=\"innerBlocks\"\n    >\n        \n<div \n    data-block=\"text-image\" \n    class=\"grid grid-cols-2 gap-18 ph:gap-6 tp:grid-cols-1 \"\n>\n    <div class=\"flex\">\n        <div class=\"my-auto\">\n            <div x-ref=\"innerBlocks\" class=\"prose ki-animation\">\n                \n\n<h2 class=\"wp-block-heading\">Lasciatevi consigliare da noi!  <\/h2>\n\n\n\n<p>Vi siete incuriositi alla fatturazione digitale? Allora contattateci. Siamo qui per voi!<\/p>\n\n\n<div\n    data-block=\"buttons\"\n    class=\"buttons flex flex-wrap justify-start gap-4\"\n    x-ref=\"innerBlocks\"\n>\n    \n<a\n    data-block=\"button\"\n    href=\"https:\/\/zvoove.ch\/it\/chi-siamo\/contattateci\/consulenza\"\n    target=\"_self\"\n    class=\"ph:w-full \"\n>\n    \n\n\n<span\n    class=\"base-button button-hocus:-translate-y-0.5 flex items-center justify-center h-14 pt-[0.2em] base-button-outlined px-8 border-mountain-green dark-bg:border-white button-hocus:shadow-button rounded-full text-midnight border font-normal dark-bg:text-white text-18 whitespace-nowrap transition\"\n    \n>\n    Richiesta di consulenza\n<\/span><\/a>\n\n<\/div>\n\n            <\/div>\n        <\/div>\n    <\/div>\n\n    <div class=\"image ki-animation flex order-last tp:order-first\">\n        <img loading=\"lazy\" decoding=\"async\" width=\"1160\" height=\"1160\" src=\"https:\/\/zvoove.ch\/wp-content\/uploads\/2024\/02\/Group-56154.png\" class=\"block w-full h-auto m-auto\" alt=\"\" srcset=\"https:\/\/zvoove.ch\/wp-content\/uploads\/2024\/02\/Group-56154.png 1160w, https:\/\/zvoove.ch\/wp-content\/uploads\/2024\/02\/Group-56154-300x300.png 300w, https:\/\/zvoove.ch\/wp-content\/uploads\/2024\/02\/Group-56154-1024x1024.png 1024w, https:\/\/zvoove.ch\/wp-content\/uploads\/2024\/02\/Group-56154-150x150.png 150w, https:\/\/zvoove.ch\/wp-content\/uploads\/2024\/02\/Group-56154-768x768.png 768w\" sizes=\"auto, (max-width: 1160px) 100vw, 1160px\" \/>\n    <\/div>\n<\/div>\n\n    <\/div>\n<\/div>","protected":false},"excerpt":{"rendered":"","protected":false},"author":14,"featured_media":0,"parent":19696,"menu_order":0,"comment_status":"closed","ping_status":"closed","template":"","meta":{"_acf_changed":false,"_seopress_robots_primary_cat":"","_seopress_titles_title":"Fatturazione digitale per il lavoro temporaneo","_seopress_titles_desc":"Come funziona la fatturazione con zvoove: rapida, senza errori e conveniente","_seopress_robots_index":"","footnotes":""},"class_list":["post-19847","page","type-page","status-publish","hentry"],"acf":[],"_links":{"self":[{"href":"https:\/\/zvoove.ch\/it\/wp-json\/wp\/v2\/pages\/19847","targetHints":{"allow":["GET"]}}],"collection":[{"href":"https:\/\/zvoove.ch\/it\/wp-json\/wp\/v2\/pages"}],"about":[{"href":"https:\/\/zvoove.ch\/it\/wp-json\/wp\/v2\/types\/page"}],"author":[{"embeddable":true,"href":"https:\/\/zvoove.ch\/it\/wp-json\/wp\/v2\/users\/14"}],"replies":[{"embeddable":true,"href":"https:\/\/zvoove.ch\/it\/wp-json\/wp\/v2\/comments?post=19847"}],"version-history":[{"count":8,"href":"https:\/\/zvoove.ch\/it\/wp-json\/wp\/v2\/pages\/19847\/revisions"}],"predecessor-version":[{"id":21119,"href":"https:\/\/zvoove.ch\/it\/wp-json\/wp\/v2\/pages\/19847\/revisions\/21119"}],"up":[{"embeddable":true,"href":"https:\/\/zvoove.ch\/it\/wp-json\/wp\/v2\/pages\/19696"}],"wp:attachment":[{"href":"https:\/\/zvoove.ch\/it\/wp-json\/wp\/v2\/media?parent=19847"}],"curies":[{"name":"wp","href":"https:\/\/api.w.org\/{rel}","templated":true}]}}