{"id":19813,"date":"2023-10-05T14:39:55","date_gmt":"2023-10-05T12:39:55","guid":{"rendered":"https:\/\/zvoove.ch\/software\/statistiche"},"modified":"2024-05-06T15:24:50","modified_gmt":"2024-05-06T13:24:50","slug":"statistiche","status":"publish","type":"page","link":"https:\/\/zvoove.ch\/it\/software\/statistiche","title":{"rendered":"Statistiche"},"content":{"rendered":"<div \n    data-block=\"container\"\n    class=\"bg-cover has-olive-green-5-background pt-60 ph:pt-30 pb-30 ph:pb-20 \"\n    id=\"\"\n    \n>\n    <div\n        class=\"flex flex-col gap-18 ph:gap-12 container \"\n        x-ref=\"innerBlocks\"\n    >\n        \n<div \n    data-block=\"text-image\" \n    class=\"grid grid-cols-2 gap-18 ph:gap-6 tp:grid-cols-1 \"\n>\n    <div class=\"flex\">\n        <div class=\"my-auto\">\n            <div x-ref=\"innerBlocks\" class=\"prose ki-animation\">\n                \n\n<p class=\"is-style-kicker has-fz-16-font-size\">Per una visione d&#8217;insieme<\/p>\n\n\n\n<h1 class=\"wp-block-heading\">Riassunto o dettagliato: Reporting per una panoramica completa<\/h1>\n\n\n\n<p>Un buon software per i servizi al personale garantisce una panoramica semplice di tutte le cifre chiave pi\u00f9 importanti. zvoove vi presenta statistiche dettagliate su implementazioni, utilizzo e molto altro.<\/p>\n\n\n            <\/div>\n        <\/div>\n    <\/div>\n\n    <div class=\"image ki-animation flex order-last tp:order-first\">\n        <img loading=\"lazy\" decoding=\"async\" width=\"1024\" height=\"1161\" src=\"https:\/\/zvoove.ch\/wp-content\/uploads\/2024\/02\/Icon-box-option-2.png\" class=\"block w-full h-auto m-auto\" alt=\"\" srcset=\"https:\/\/zvoove.ch\/wp-content\/uploads\/2024\/02\/Icon-box-option-2.png 1024w, https:\/\/zvoove.ch\/wp-content\/uploads\/2024\/02\/Icon-box-option-2-265x300.png 265w, https:\/\/zvoove.ch\/wp-content\/uploads\/2024\/02\/Icon-box-option-2-903x1024.png 903w, https:\/\/zvoove.ch\/wp-content\/uploads\/2024\/02\/Icon-box-option-2-768x871.png 768w\" sizes=\"auto, (max-width: 1024px) 100vw, 1024px\" \/>\n    <\/div>\n<\/div>\n\n    <\/div>\n<\/div>\n\n<div \n    data-block=\"container\"\n    class=\"bg-cover has-default-background pt-30 ph:pt-20 pb-15 ph:pb-10 \"\n    id=\"\"\n    \n>\n    <div\n        class=\"flex flex-col gap-30 ph:gap-20 container \"\n        x-ref=\"innerBlocks\"\n    >\n        \n<div data-block=\"text\" class=\"flex justify-start \">\n    <div class=\"prose  ki-animation w-full max-w-content\" x-ref=\"innerBlocks\" >\n        \n\n<h2 class=\"wp-block-heading\">Analisi e report per valutazioni significative<\/h2>\n\n\n    <\/div>\n<\/div>\n\n    <\/div>\n<\/div>\n\n<div \n    data-block=\"container\"\n    class=\"bg-cover has-default-background pt-15 ph:pt-10 pb-30 ph:pb-20 \"\n    id=\"\"\n    \n>\n    <div\n        class=\"flex flex-col gap-18 ph:gap-12 container \"\n        x-ref=\"innerBlocks\"\n    >\n        \n<div\n    x-data=\"verticalTabs\"\n    data-block=\"vertical-tabs\"\n    class=\"flex gap-18\"\n>\n    <ul class=\"tp:hidden w-[14rem] space-y-8\">\n        <template x-for=\"tab in tabs\">\n            <li>\n                <button\n                    @click=\"activeTab = tab.id\"\n                    class=\"relative font-semibold text-24 text-left after:absolute after:inset-x-0 after:bottom-0 after:h-px after:bg-dark-forest hocus:after:opacity-100 hocus:after:translate-y-0 after:transition-all transition\"\n                    :class=\"{ 'opacity-50 after:opacity-0 after:translate-y-2': tab.id !== activeTab }\"\n                    x-text=\"tab.label\"\n                >\n                <\/button>\n            <\/li>\n        <\/template>\n    <\/ul>\n    <div x-ref=\"content\" class=\"flex-1 tp:hidden\" x-cloak>\n        <div x-ref=\"innerBlocks\" >\n            \n<div\n    data-block=\"tab\"\n    data-label=\"L'attivit\u00e0 quotidiana in sintesi\"\n    class=\"flex tl:flex-col-reverse gap-18 ph:gap-13\"\n    x-show=\"activeTab === 'Lattivit\u00e0 quotidiana in sintesi'\"\n>\n    <div class=\"shrink-0 w-full max-w-[22.5rem]\">\n        <img loading=\"lazy\" decoding=\"async\" width=\"1160\" height=\"1160\" src=\"https:\/\/zvoove.ch\/wp-content\/uploads\/2024\/05\/statistiken_tagesgeschaeft.webp\" class=\"block w-full h-auto\" alt=\"Tagesgesch\u00e4ft\" srcset=\"https:\/\/zvoove.ch\/wp-content\/uploads\/2024\/05\/statistiken_tagesgeschaeft.webp 1160w, https:\/\/zvoove.ch\/wp-content\/uploads\/2024\/05\/statistiken_tagesgeschaeft-300x300.webp 300w, https:\/\/zvoove.ch\/wp-content\/uploads\/2024\/05\/statistiken_tagesgeschaeft-1024x1024.webp 1024w, https:\/\/zvoove.ch\/wp-content\/uploads\/2024\/05\/statistiken_tagesgeschaeft-150x150.webp 150w, https:\/\/zvoove.ch\/wp-content\/uploads\/2024\/05\/statistiken_tagesgeschaeft-768x768.webp 768w\" sizes=\"auto, (max-width: 1160px) 100vw, 1160px\" \/>\n    <\/div>\n    <div x-ref=\"innerBlocks\" class=\"prose\">\n        \n\n<h3 class=\"wp-block-heading\"><strong>Panoramica dei dati importanti per l&#8217;attivit\u00e0 quotidiana.<\/strong><\/h3>\n\n\n\n<p>Controllate le vostre operazioni quotidiane con zvoove. Le ultime attivit\u00e0, gli incarichi, le candidature in arrivo, le offerte di lavoro e molto altro ancora sono visualizzati direttamente sulla homepage in utili panoramiche.<br>La gamma di elenchi e analisi \u00e8 pressoch\u00e9 illimitata e il gruppo target desiderato pu\u00f2 essere composto individualmente.<\/p>\n\n\n<div\n    data-block=\"buttons\"\n    class=\"buttons flex flex-wrap justify-start gap-4\"\n    x-ref=\"innerBlocks\"\n>\n    \n<a\n    data-block=\"button\"\n    href=\"https:\/\/zvoove.ch\/it\/chi-siamo\/contattateci\/consulenza\"\n    target=\"_self\"\n    class=\"ph:w-full \"\n>\n    \n\n\n<span\n    class=\"base-button button-hocus:-translate-y-0.5 flex items-center justify-center h-14 pt-[0.2em] base-button-solid px-8 bg-mountain-green dark-bg:bg-white button-hocus:shadow-button rounded-full font-normal dark-bg:text-midnight text-white text-18 whitespace-nowrap transition\"\n    \n>\n    Richiedi una demo\n<\/span><\/a>\n\n<\/div>\n\n    <\/div>\n<\/div>\n\n<div\n    data-block=\"tab\"\n    data-label=\"Analisi dei margini complesse\"\n    class=\"flex tl:flex-col-reverse gap-18 ph:gap-13\"\n    x-show=\"activeTab === 'Analisi dei margini complesse'\"\n>\n    <div class=\"shrink-0 w-full max-w-[22.5rem]\">\n        <img loading=\"lazy\" decoding=\"async\" width=\"1160\" height=\"1160\" src=\"https:\/\/zvoove.ch\/wp-content\/uploads\/2024\/05\/statistiken_margenauswertung.webp\" class=\"block w-full h-auto\" alt=\"Margenauswertung\" srcset=\"https:\/\/zvoove.ch\/wp-content\/uploads\/2024\/05\/statistiken_margenauswertung.webp 1160w, https:\/\/zvoove.ch\/wp-content\/uploads\/2024\/05\/statistiken_margenauswertung-300x300.webp 300w, https:\/\/zvoove.ch\/wp-content\/uploads\/2024\/05\/statistiken_margenauswertung-1024x1024.webp 1024w, https:\/\/zvoove.ch\/wp-content\/uploads\/2024\/05\/statistiken_margenauswertung-150x150.webp 150w, https:\/\/zvoove.ch\/wp-content\/uploads\/2024\/05\/statistiken_margenauswertung-768x768.webp 768w\" sizes=\"auto, (max-width: 1160px) 100vw, 1160px\" \/>\n    <\/div>\n    <div x-ref=\"innerBlocks\" class=\"prose\">\n        \n\n<h3 class=\"wp-block-heading\">Indicatori chiave di performance oggettivi attraverso complesse analisi dei margini.<\/h3>\n\n\n\n<p>Quanto successo ha il vostro consulente di selezione del personale? Le complesse analisi dei margini lordi di zvoove garantiscono una valutazione il pi\u00f9 possibile obiettiva di quale consulente del personale sosterr\u00e0 in modo duraturo il successo dell&#8217;azienda.<br>Sono disponibili due opzioni per l&#8217;esportazione dei dati: Il file PDF contiene tutte le cifre chiave in un formato chiaro e sintetico. Il file Excel completo \u00e8 l&#8217;ideale se si desidera esaminare pi\u00f9 da vicino le cifre e analizzarle nei minimi dettagli.<\/p>\n\n\n<div\n    data-block=\"buttons\"\n    class=\"buttons flex flex-wrap justify-start gap-4\"\n    x-ref=\"innerBlocks\"\n>\n    \n<a\n    data-block=\"button\"\n    href=\"https:\/\/zvoove.ch\/it\/chi-siamo\/contattateci\/consulenza\"\n    target=\"_self\"\n    class=\"ph:w-full \"\n>\n    \n\n\n<span\n    class=\"base-button button-hocus:-translate-y-0.5 flex items-center justify-center h-14 pt-[0.2em] base-button-solid px-8 bg-mountain-green dark-bg:bg-white button-hocus:shadow-button rounded-full font-normal dark-bg:text-midnight text-white text-18 whitespace-nowrap transition\"\n    \n>\n    Richiedi una demo\n<\/span><\/a>\n\n<\/div>\n\n    <\/div>\n<\/div>\n\n<div\n    data-block=\"tab\"\n    data-label=\"Rappresentazione grafica dei KPI\"\n    class=\"flex tl:flex-col-reverse gap-18 ph:gap-13\"\n    x-show=\"activeTab === 'Rappresentazione grafica dei KPI'\"\n>\n    <div class=\"shrink-0 w-full max-w-[22.5rem]\">\n        <img loading=\"lazy\" decoding=\"async\" width=\"1160\" height=\"1160\" src=\"https:\/\/zvoove.ch\/wp-content\/uploads\/2024\/05\/statistiken_kpi.webp\" class=\"block w-full h-auto\" alt=\"KPI\" srcset=\"https:\/\/zvoove.ch\/wp-content\/uploads\/2024\/05\/statistiken_kpi.webp 1160w, https:\/\/zvoove.ch\/wp-content\/uploads\/2024\/05\/statistiken_kpi-300x300.webp 300w, https:\/\/zvoove.ch\/wp-content\/uploads\/2024\/05\/statistiken_kpi-1024x1024.webp 1024w, https:\/\/zvoove.ch\/wp-content\/uploads\/2024\/05\/statistiken_kpi-150x150.webp 150w, https:\/\/zvoove.ch\/wp-content\/uploads\/2024\/05\/statistiken_kpi-768x768.webp 768w\" sizes=\"auto, (max-width: 1160px) 100vw, 1160px\" \/>\n    <\/div>\n    <div x-ref=\"innerBlocks\" class=\"prose\">\n        \n\n<h3 class=\"wp-block-heading\">Gestione aziendale intuitiva grazie alla visualizzazione grafica dei KPI rilevanti.<\/h3>\n\n\n\n<p>Le cifre chiave pi\u00f9 importanti sono visualizzate direttamente in diagrammi comprensibili. In questo modo \u00e8 possibile agire rapidamente e indirizzare l&#8217;azienda nella giusta direzione senza dover esportare e filtrare le analisi.  <br>Con zvoove \u00e8 possibile identificare facilmente il potenziale e migliorare il lavoro quotidiano in modo quasi automatico.<\/p>\n\n\n<div\n    data-block=\"buttons\"\n    class=\"buttons flex flex-wrap justify-start gap-4\"\n    x-ref=\"innerBlocks\"\n>\n    \n<a\n    data-block=\"button\"\n    href=\"https:\/\/zvoove.ch\/it\/chi-siamo\/contattateci\/consulenza\"\n    target=\"_self\"\n    class=\"ph:w-full \"\n>\n    \n\n\n<span\n    class=\"base-button button-hocus:-translate-y-0.5 flex items-center justify-center h-14 pt-[0.2em] base-button-solid px-8 bg-mountain-green dark-bg:bg-white button-hocus:shadow-button rounded-full font-normal dark-bg:text-midnight text-white text-18 whitespace-nowrap transition\"\n    \n>\n    Richiedi una demo\n<\/span><\/a>\n\n<\/div>\n\n    <\/div>\n<\/div>\n\n        <\/div>\n    <\/div>\n    <div class=\"hidden tp:block w-full\">\n        <template x-for=\"tab in tabs\">\n            <div>\n                <button\n                    @click=\"activeTab = activeTab === tab.id ? null : tab.id\"\n                    class=\"flex justify-between items-center gap-6 w-full h-18 text-left\"\n                    :data-tab-id=\"tab.id\"\n                >\n                    <span class=\"font-semibold\" x-text=\"tab.label\"><\/span>\n                    <i\n                        class=\"icon-caret-down transition\"\n                        :class=\"{ 'rotate-180': tab.id === activeTab }\"\n                    ><\/i>\n                <\/button>\n                <div class=\"py-18 border-t\" x-show=\"activeTab === tab.id\">\n                    <div x-html=\"tab.html\"><\/div>\n                <\/div>\n            <\/div>\n        <\/template>\n    <\/div>\n<\/div>\n\n    <\/div>\n<\/div>\n\n<div \n    data-block=\"container\"\n    class=\"bg-cover has-olive-green-5-background pt-30 ph:pt-20 pb-30 ph:pb-20 \"\n    id=\"\"\n    \n>\n    <div\n        class=\"flex flex-col gap-18 ph:gap-12 container \"\n        x-ref=\"innerBlocks\"\n    >\n        \n<div \n    data-block=\"section-intro\"\n    class=\"flex tp:flex-col justify-between gap-6 mb-8 ph:mb-0\"\n>\n    <h2>I vantaggi delle statistiche e dei report in zvoove<\/h2>\n    <div \n        class=\"empty:hidden prose max-w-[31.25rem] tl:max-w-[23rem] tp:max-w-none\"\n        x-ref=\"innerBlocks\"\n    ><\/div>\n<\/div>\n\n<div\n    data-block=\"icon-boxes\"\n    data-columns=\"two\"\n    class=\"grid grid-cols-2 ph:grid-cols-1 gap-x-[14.625rem] tl:gap-x-48 tp:gap-x-28 ph:gap-y-12 gap-y-18 \"\n    x-ref=\"innerBlocks\"\n>\n    \n<div\n    x-data=\"iconBox\"\n    data-block=\"icon-box\"\n    class=\" group\"\n    @keydown.escape.window=\"close()\"\n>\n    <div class=\"text-left\">\n        <span class=\"icon ki-animation relative flex mb-4\">\n                            <span class=\"text-[2.75rem]\" style=\"color: \">\n                    <i class=\"ph ph-list-plus\"><\/i>\n                <\/span>\n                    <\/span>\n        <span class=\"ki-animation block prose-sm\" x-ref=\"innerBlocks\">\n            \n\n<h3 class=\"wp-block-heading\">Calcolo dettagliato<\/h3>\n\n\n\n<p>zvoove esegue calcoli a livello di filiale, di cliente, di distribuzione e di dipendente. Non vi sfuggir\u00e0 nemmeno un dettaglio.<\/p>\n\n\n        <\/span>\n    <\/div>\n\n    <\/div>\n\n<div\n    x-data=\"iconBox\"\n    data-block=\"icon-box\"\n    class=\" group\"\n    @keydown.escape.window=\"close()\"\n>\n    <div class=\"text-left\">\n        <span class=\"icon ki-animation relative flex mb-4\">\n                            <span class=\"text-[2.75rem]\" style=\"color: \">\n                    <i class=\"ph ph-list-checks\"><\/i>\n                <\/span>\n                    <\/span>\n        <span class=\"ki-animation block prose-sm\" x-ref=\"innerBlocks\">\n            \n\n<h3 class=\"wp-block-heading\">Preparato graficamente<\/h3>\n\n\n\n<p>zvoove visualizza le cifre chiave pi\u00f9 importanti in diagrammi grafici. \u00c8 possibile vedere l&#8217;analisi in modo chiaro e a colpo d&#8217;occhio.<\/p>\n\n\n        <\/span>\n    <\/div>\n\n    <\/div>\n\n<div\n    x-data=\"iconBox\"\n    data-block=\"icon-box\"\n    class=\" group\"\n    @keydown.escape.window=\"close()\"\n>\n    <div class=\"text-left\">\n        <span class=\"icon ki-animation relative flex mb-4\">\n                            <span class=\"text-[2.75rem]\" style=\"color: \">\n                    <i class=\"ph ph-clock-countdown\"><\/i>\n                <\/span>\n                    <\/span>\n        <span class=\"ki-animation block prose-sm\" x-ref=\"innerBlocks\">\n            \n\n<h3 class=\"wp-block-heading\">Risparmio di tempo<\/h3>\n\n\n\n<p>Il software elabora tutti i dati rilevanti dai dati anagrafici esistenti. Ci\u00f2 significa che non c&#8217;\u00e8 alcuno sforzo manuale da parte dell&#8217;utente.<\/p>\n\n\n        <\/span>\n    <\/div>\n\n    <\/div>\n\n<div\n    x-data=\"iconBox\"\n    data-block=\"icon-box\"\n    class=\" group\"\n    @keydown.escape.window=\"close()\"\n>\n    <div class=\"text-left\">\n        <span class=\"icon ki-animation relative flex mb-4\">\n                            <span class=\"text-[2.75rem]\" style=\"color: \">\n                    <i class=\"ph ph-flag-banner\"><\/i>\n                <\/span>\n                    <\/span>\n        <span class=\"ki-animation block prose-sm\" x-ref=\"innerBlocks\">\n            \n\n<h3 class=\"wp-block-heading\">Scoprire il potenziale<\/h3>\n\n\n\n<p>L&#8217;analisi delle cifre chiave rivela il potenziale di miglioramento dei processi. Questo rivela anche le opportunit\u00e0 di risparmio.<\/p>\n\n\n        <\/span>\n    <\/div>\n\n    <\/div>\n\n<\/div>\n\n    <\/div>\n<\/div>\n\n<div \n    data-block=\"container\"\n    class=\"bg-cover has-indigo-2-background pt-30 ph:pt-20 pb-30 ph:pb-20 \"\n    id=\"\"\n    \n>\n    <div\n        class=\"flex flex-col gap-18 ph:gap-12 w-full \"\n        x-ref=\"innerBlocks\"\n    >\n        \n<div data-block=\"text\" class=\"flex justify-center \">\n    <div class=\"prose prose-center ki-animation w-full max-w-content\" x-ref=\"innerBlocks\" >\n        \n\n<p class=\"has-text-align-right has-fz-32-font-size\"><strong>Con zvoove siete voi a controllare il successo della vostra azienda.<\/strong><\/p>\n\n\n    <\/div>\n<\/div>\n\n<div \n    data-block=\"responsive-image\" \n    class=\"w-full h-auto \"\n>\n    <picture>\n                    <source\n                srcset=\"https:\/\/zvoove.ch\/wp-content\/uploads\/2024\/01\/Grouphomepage_shape_green1.png\"\n                media=\"(orientation: landscape)\"\n                type=\"image\/png\"\n            >\n                \n                    <source\n                srcset=\"https:\/\/zvoove.ch\/wp-content\/uploads\/2024\/01\/Groupmobil_shape1.png\"\n                media=\"(orientation: portrait)\"\n                type=\"image\/png\"\n            >\n        \n                    <img decoding=\"async\"\n                src=\"https:\/\/zvoove.ch\/wp-content\/uploads\/2024\/01\/Grouphomepage_shape_green1.png\"\n                alt=\"homepage_shape\"\n                loading=\"lazy\"\n                class=\"block w-full h-auto\"\n                \n                \n            >\n            <\/picture>\n<\/div>\n\n    <\/div>\n<\/div>\n\n<div \n    data-block=\"container\"\n    class=\"bg-cover has-olive-green-5-background pt-30 ph:pt-20 pb-30 ph:pb-20 \"\n    id=\"\"\n    \n>\n    <div\n        class=\"flex flex-col gap-18 ph:gap-12 container \"\n        x-ref=\"innerBlocks\"\n    >\n        \n<div \n    data-block=\"section-intro\"\n    class=\"flex tp:flex-col justify-between gap-6 mb-8 ph:mb-0\"\n>\n    <h2>Cosa c&#8217;\u00e8 da sapere sulle analisi supportate da software per i fornitori di servizi al personale<\/h2>\n    <div \n        class=\"empty:hidden prose max-w-[31.25rem] tl:max-w-[23rem] tp:max-w-none\"\n        x-ref=\"innerBlocks\"\n    >\n\n<p>Leggete qui cosa sono i KPI e perch\u00e9 ha senso utilizzare un software per le valutazioni e le analisi.<\/p>\n\n<\/div>\n<\/div>\n\n<div data-block=\"accordeon\" class=\"\">\n    <div x-ref=\"innerBlocks\" class=\"divide-y border-y\">\n        \n<div \n    data-block=\"toggle\" \n    x-data=\"toggle\" \n    data-open=\"1\"\n    class=\"flex flex-col py-10\"\n>\n    <button @click=\"isOpen = !isOpen\" class=\"flex items-center justify-between w-full text-left\">\n        <strong class=\"text-24 ph:text-16 font-semibold\">Cosa sono i KPI?<\/strong>\n        <span\n            :class=\"{\n                'after:scale-y-100': !isOpen,\n                'after:scale-y-0': isOpen,\n            }\"\n            class=\"shrink-0 relative w-5 h-5 before:absolute before:top-1\/2 before:left-1\/2 before:w-full before:h-0.75 before:bg-dark-forest before:rounded before:-translate-x-1\/2 before:-translate-y-1\/2 after:absolute after:top-1\/2 after:left-1\/2 after:w-0.75 after:h-full after:bg-dark-forest after:rounded after:-translate-x-1\/2 after:-translate-y-1\/2 after:transition-all\"\n        ><\/span>\n    <\/button>\n\n    <div\n        x-ref=\"content\"\n        class=\"overflow-hidden transition-all duration-500\"\n        x-cloak :style=\"{ height: initialized &#038;&#038; resizeCounter &#038;&#038; isOpen ? `${$refs.content.scrollHeight}px` : 0 }\"\n    >\n        <div\n            x-ref=\"innerBlocks\"\n            class=\"prose grid grid-cols-2 ph:grid-cols-1 gap-6 mt-6\"\n        >\n            \n<div data-block=\"text\" class=\"flex justify-start \">\n    <div class=\"prose  ki-animation w-full max-w-content\" x-ref=\"innerBlocks\" >\n        \n\n<p>KPI o Indicatori chiave di prestazione. Queste cifre chiave rilevanti per il business riguardano il successo, l&#8217;utilizzo della capacit\u00e0 o le prestazioni di un&#8217;azienda. Il monitoraggio e l&#8217;analisi dei dati consentono la gestione strategica di un&#8217;azienda e mostrano dove sono necessari o possibili aggiustamenti. Buoni report, come quelli di zvoove, mostrano il potenziale di ottimizzazione. Da ci\u00f2 si possono ricavare le misure necessarie per rendere l&#8217;azienda ancora pi\u00f9 redditizia.<\/p>\n\n\n    <\/div>\n<\/div>\n\n        <\/div>\n    <\/div>\n<\/div>\n\n<div \n    data-block=\"toggle\" \n    x-data=\"toggle\" \n    data-open=\"0\"\n    class=\"flex flex-col py-10\"\n>\n    <button @click=\"isOpen = !isOpen\" class=\"flex items-center justify-between w-full text-left\">\n        <strong class=\"text-24 ph:text-16 font-semibold\">Perch\u00e9 i fornitori di servizi per il personale hanno bisogno di un software che conservi statistiche dettagliate?<\/strong>\n        <span\n            :class=\"{\n                'after:scale-y-100': !isOpen,\n                'after:scale-y-0': isOpen,\n            }\"\n            class=\"shrink-0 relative w-5 h-5 before:absolute before:top-1\/2 before:left-1\/2 before:w-full before:h-0.75 before:bg-dark-forest before:rounded before:-translate-x-1\/2 before:-translate-y-1\/2 after:absolute after:top-1\/2 after:left-1\/2 after:w-0.75 after:h-full after:bg-dark-forest after:rounded after:-translate-x-1\/2 after:-translate-y-1\/2 after:transition-all\"\n        ><\/span>\n    <\/button>\n\n    <div\n        x-ref=\"content\"\n        class=\"overflow-hidden transition-all duration-500\"\n        x-cloak :style=\"{ height: initialized &#038;&#038; resizeCounter &#038;&#038; isOpen ? `${$refs.content.scrollHeight}px` : 0 }\"\n    >\n        <div\n            x-ref=\"innerBlocks\"\n            class=\"prose grid grid-cols-2 ph:grid-cols-1 gap-6 mt-6\"\n        >\n            \n<div data-block=\"text\" class=\"flex justify-start \">\n    <div class=\"prose  ki-animation w-full max-w-content\" x-ref=\"innerBlocks\" >\n        \n\n<p>Il lavoro quotidiano dei fornitori di servizi per il personale \u00e8 complesso, richiede tempo e spesso \u00e8 stressante. Un buon software per il leasing del personale fornisce una panoramica efficace di tutti i processi. I dettagli, tuttavia, sfuggono all&#8217;occhio pi\u00f9 attento. Se le buone cifre non danno luogo ad analisi approfondite, questa fase spesso passa in secondo piano. Anche nelle aziende ben avviate si nasconde un notevole potenziale. \u00c8 qui che zvoove fornisce un supporto efficace. Questo potenziale offre ai fornitori di servizi per il personale l&#8217;opportunit\u00e0 di risparmiare. Il software li scopre tempestivamente e consente di prendere decisioni strategiche in modo rapido e flessibile.<\/p>\n\n\n    <\/div>\n<\/div>\n\n        <\/div>\n    <\/div>\n<\/div>\n\n    <\/div>\n<\/div>\n\n    <\/div>\n<\/div>\n\n<div \n    data-block=\"container\"\n    class=\"bg-cover has-indigo-2-background pt-30 ph:pt-20 pb-30 ph:pb-20 \"\n    id=\"\"\n    \n>\n    <div\n        class=\"flex flex-col gap-18 ph:gap-12 container \"\n        x-ref=\"innerBlocks\"\n    >\n        \n<div \n    data-block=\"text-image\" \n    class=\"grid grid-cols-2 gap-18 ph:gap-6 tp:grid-cols-1 \"\n>\n    <div class=\"flex\">\n        <div class=\"my-auto\">\n            <div x-ref=\"innerBlocks\" class=\"prose ki-animation\">\n                \n\n<h2 class=\"wp-block-heading\">Saremo lieti di consigliarvi!<\/h2>\n\n\n\n<p>Sei curioso di conoscere la valutazione dei top con zvoove? I nostri esperti saranno lieti di illustrarvi i dettagli.<\/p>\n\n\n<div\n    data-block=\"buttons\"\n    class=\"buttons flex flex-wrap justify-start gap-4\"\n    x-ref=\"innerBlocks\"\n>\n    \n<a\n    data-block=\"button\"\n    href=\"https:\/\/zvoove.ch\/it\/chi-siamo\/contattateci\/consulenza\"\n    target=\"_self\"\n    class=\"ph:w-full \"\n>\n    \n\n\n<span\n    class=\"base-button button-hocus:-translate-y-0.5 flex items-center justify-center h-14 pt-[0.2em] base-button-outlined px-8 border-mountain-green dark-bg:border-white button-hocus:shadow-button rounded-full text-midnight border font-normal dark-bg:text-white text-18 whitespace-nowrap transition\"\n    \n>\n    Richiesta di consulenza\n<\/span><\/a>\n\n<\/div>\n\n            <\/div>\n        <\/div>\n    <\/div>\n\n    <div class=\"image ki-animation flex order-last tp:order-first\">\n        <img loading=\"lazy\" decoding=\"async\" width=\"1048\" height=\"1048\" src=\"https:\/\/zvoove.ch\/wp-content\/uploads\/2024\/02\/Group-5649.png\" class=\"block w-full h-auto m-auto\" alt=\"\" srcset=\"https:\/\/zvoove.ch\/wp-content\/uploads\/2024\/02\/Group-5649.png 1048w, https:\/\/zvoove.ch\/wp-content\/uploads\/2024\/02\/Group-5649-300x300.png 300w, https:\/\/zvoove.ch\/wp-content\/uploads\/2024\/02\/Group-5649-1024x1024.png 1024w, https:\/\/zvoove.ch\/wp-content\/uploads\/2024\/02\/Group-5649-150x150.png 150w, https:\/\/zvoove.ch\/wp-content\/uploads\/2024\/02\/Group-5649-768x768.png 768w\" sizes=\"auto, (max-width: 1048px) 100vw, 1048px\" \/>\n    <\/div>\n<\/div>\n\n    <\/div>\n<\/div>","protected":false},"excerpt":{"rendered":"","protected":false},"author":14,"featured_media":0,"parent":19696,"menu_order":0,"comment_status":"closed","ping_status":"closed","template":"","meta":{"_acf_changed":false,"_seopress_robots_primary_cat":"","_seopress_titles_title":"Reporting per i fornitori di servizi al personale","_seopress_titles_desc":"Analizzare, valutare e controllare le cifre chiave del vostro business con zvoove","_seopress_robots_index":"","footnotes":""},"class_list":["post-19813","page","type-page","status-publish","hentry"],"acf":[],"_links":{"self":[{"href":"https:\/\/zvoove.ch\/it\/wp-json\/wp\/v2\/pages\/19813","targetHints":{"allow":["GET"]}}],"collection":[{"href":"https:\/\/zvoove.ch\/it\/wp-json\/wp\/v2\/pages"}],"about":[{"href":"https:\/\/zvoove.ch\/it\/wp-json\/wp\/v2\/types\/page"}],"author":[{"embeddable":true,"href":"https:\/\/zvoove.ch\/it\/wp-json\/wp\/v2\/users\/14"}],"replies":[{"embeddable":true,"href":"https:\/\/zvoove.ch\/it\/wp-json\/wp\/v2\/comments?post=19813"}],"version-history":[{"count":9,"href":"https:\/\/zvoove.ch\/it\/wp-json\/wp\/v2\/pages\/19813\/revisions"}],"predecessor-version":[{"id":21150,"href":"https:\/\/zvoove.ch\/it\/wp-json\/wp\/v2\/pages\/19813\/revisions\/21150"}],"up":[{"embeddable":true,"href":"https:\/\/zvoove.ch\/it\/wp-json\/wp\/v2\/pages\/19696"}],"wp:attachment":[{"href":"https:\/\/zvoove.ch\/it\/wp-json\/wp\/v2\/media?parent=19813"}],"curies":[{"name":"wp","href":"https:\/\/api.w.org\/{rel}","templated":true}]}}