{"id":19731,"date":"2023-10-05T09:29:56","date_gmt":"2023-10-05T07:29:56","guid":{"rendered":"https:\/\/zvoove.ch\/software\/swissdec"},"modified":"2024-05-06T15:30:14","modified_gmt":"2024-05-06T13:30:14","slug":"swissdec","status":"publish","type":"page","link":"https:\/\/zvoove.ch\/it\/software\/swissdec","title":{"rendered":"Swissdec"},"content":{"rendered":"<div \n    data-block=\"container\"\n    class=\"bg-cover has-olive-green-5-background pt-60 ph:pt-30 pb-30 ph:pb-20 \"\n    id=\"\"\n    \n>\n    <div\n        class=\"flex flex-col gap-18 ph:gap-12 container \"\n        x-ref=\"innerBlocks\"\n    >\n        \n<div \n    data-block=\"text-image\" \n    class=\"grid grid-cols-2 gap-18 ph:gap-6 tp:grid-cols-1 \"\n>\n    <div class=\"flex\">\n        <div class=\"my-auto\">\n            <div x-ref=\"innerBlocks\" class=\"prose ki-animation\">\n                \n\n<p class=\"is-style-kicker has-fz-16-font-size\">Semplice, sicuro e veloce<\/p>\n\n\n\n<h1 class=\"wp-block-heading\">Risparmiate tempo e denaro con la contabilit\u00e0 certificata delle retribuzioni<\/h1>\n\n\n\n<p>Con Swissdec, lo scambio di informazioni tra autorit\u00e0, compagnie assicurative e aziende con sede in Svizzera \u00e8 completamente digitalizzato.  <\/p>\n\n\n            <\/div>\n        <\/div>\n    <\/div>\n\n    <div class=\"image ki-animation flex order-first tp:order-first\">\n        <img loading=\"lazy\" decoding=\"async\" width=\"1160\" height=\"1163\" src=\"https:\/\/zvoove.ch\/wp-content\/uploads\/2024\/02\/Group-56464.png\" class=\"block w-full h-auto m-auto\" alt=\"\" srcset=\"https:\/\/zvoove.ch\/wp-content\/uploads\/2024\/02\/Group-56464.png 1160w, https:\/\/zvoove.ch\/wp-content\/uploads\/2024\/02\/Group-56464-300x300.png 300w, https:\/\/zvoove.ch\/wp-content\/uploads\/2024\/02\/Group-56464-1021x1024.png 1021w, https:\/\/zvoove.ch\/wp-content\/uploads\/2024\/02\/Group-56464-150x150.png 150w, https:\/\/zvoove.ch\/wp-content\/uploads\/2024\/02\/Group-56464-768x770.png 768w\" sizes=\"auto, (max-width: 1160px) 100vw, 1160px\" \/>\n    <\/div>\n<\/div>\n\n    <\/div>\n<\/div>\n\n<div \n    data-block=\"container\"\n    class=\"bg-cover has-default-background pt-30 ph:pt-20 pb-15 ph:pb-10 \"\n    id=\"\"\n    \n>\n    <div\n        class=\"flex flex-col gap-30 ph:gap-20 container \"\n        x-ref=\"innerBlocks\"\n    >\n        \n<div data-block=\"text\" class=\"flex justify-start \">\n    <div class=\"prose  ki-animation w-full max-w-content\" x-ref=\"innerBlocks\" >\n        \n\n<h2 class=\"wp-block-heading\">Trasferimento dei dati salariali e previdenziali con zvoove<\/h2>\n\n\n    <\/div>\n<\/div>\n\n    <\/div>\n<\/div>\n\n<div \n    data-block=\"container\"\n    class=\"bg-cover has-default-background pt-15 ph:pt-10 pb-30 ph:pb-20 \"\n    id=\"\"\n    \n>\n    <div\n        class=\"flex flex-col gap-18 ph:gap-12 container \"\n        x-ref=\"innerBlocks\"\n    >\n        \n<div\n    x-data=\"verticalTabs\"\n    data-block=\"vertical-tabs\"\n    class=\"flex gap-18\"\n>\n    <ul class=\"tp:hidden w-[14rem] space-y-8\">\n        <template x-for=\"tab in tabs\">\n            <li>\n                <button\n                    @click=\"activeTab = tab.id\"\n                    class=\"relative font-semibold text-24 text-left after:absolute after:inset-x-0 after:bottom-0 after:h-px after:bg-dark-forest hocus:after:opacity-100 hocus:after:translate-y-0 after:transition-all transition\"\n                    :class=\"{ 'opacity-50 after:opacity-0 after:translate-y-2': tab.id !== activeTab }\"\n                    x-text=\"tab.label\"\n                >\n                <\/button>\n            <\/li>\n        <\/template>\n    <\/ul>\n    <div x-ref=\"content\" class=\"flex-1 tp:hidden\" x-cloak>\n        <div x-ref=\"innerBlocks\" >\n            \n<div\n    data-block=\"tab\"\n    data-label=\"Dichiarazioni mensili\"\n    class=\"flex tl:flex-col-reverse gap-18 ph:gap-13\"\n    x-show=\"activeTab === 'Dichiarazioni mensili'\"\n>\n    <div class=\"shrink-0 w-full max-w-[22.5rem]\">\n        <img loading=\"lazy\" decoding=\"async\" width=\"1048\" height=\"1048\" src=\"https:\/\/zvoove.ch\/wp-content\/uploads\/2024\/05\/zeiterfassung-rapport.webp\" class=\"block w-full h-auto\" alt=\"Rapport\" srcset=\"https:\/\/zvoove.ch\/wp-content\/uploads\/2024\/05\/zeiterfassung-rapport.webp 1048w, https:\/\/zvoove.ch\/wp-content\/uploads\/2024\/05\/zeiterfassung-rapport-300x300.webp 300w, https:\/\/zvoove.ch\/wp-content\/uploads\/2024\/05\/zeiterfassung-rapport-1024x1024.webp 1024w, https:\/\/zvoove.ch\/wp-content\/uploads\/2024\/05\/zeiterfassung-rapport-150x150.webp 150w, https:\/\/zvoove.ch\/wp-content\/uploads\/2024\/05\/zeiterfassung-rapport-768x768.webp 768w\" sizes=\"auto, (max-width: 1048px) 100vw, 1048px\" \/>\n    <\/div>\n    <div x-ref=\"innerBlocks\" class=\"prose\">\n        \n\n<h3 class=\"wp-block-heading\">Trasmissione certificata dell&#8217;imposta alla fonte tramite Swissdec.<\/h3>\n\n\n\n<p>La ritenuta d&#8217;acconto \u00e8 un&#8217;area di competenza estremamente complessa. Zvoove \u00e8 riuscita a ridurre la complessit\u00e0. Affidatevi al calcolo dell&#8217;imposta alla fonte e inviate la dichiarazione a tutti i cantoni pi\u00f9 velocemente che mai.  <br>Controlliamo la completezza e la validit\u00e0 dei dati. zvoove calcola anche la correzione della ritenuta d&#8217;acconto.<\/p>\n\n\n<div\n    data-block=\"buttons\"\n    class=\"buttons flex flex-wrap justify-start gap-4\"\n    x-ref=\"innerBlocks\"\n>\n    \n<a\n    data-block=\"button\"\n    href=\"https:\/\/zvoove.ch\/it\/chi-siamo\/contattateci\/consulenza\"\n    target=\"_self\"\n    class=\"ph:w-full \"\n>\n    \n\n\n<span\n    class=\"base-button button-hocus:-translate-y-0.5 flex items-center justify-center h-14 pt-[0.2em] base-button-solid px-8 bg-mountain-green dark-bg:bg-white button-hocus:shadow-button rounded-full font-normal dark-bg:text-midnight text-white text-18 whitespace-nowrap transition\"\n    \n>\n    Richiedi una demo\n<\/span><\/a>\n\n<\/div>\n\n    <\/div>\n<\/div>\n\n<div\n    data-block=\"tab\"\n    data-label=\"Dichiarazioni annuali\"\n    class=\"flex tl:flex-col-reverse gap-18 ph:gap-13\"\n    x-show=\"activeTab === 'Dichiarazioni annuali'\"\n>\n    <div class=\"shrink-0 w-full max-w-[22.5rem]\">\n        <img loading=\"lazy\" decoding=\"async\" width=\"1048\" height=\"1048\" src=\"https:\/\/zvoove.ch\/wp-content\/uploads\/2024\/05\/swissdec_lohnmeldung.webp\" class=\"block w-full h-auto\" alt=\"Lohnmeldung\" srcset=\"https:\/\/zvoove.ch\/wp-content\/uploads\/2024\/05\/swissdec_lohnmeldung.webp 1048w, https:\/\/zvoove.ch\/wp-content\/uploads\/2024\/05\/swissdec_lohnmeldung-300x300.webp 300w, https:\/\/zvoove.ch\/wp-content\/uploads\/2024\/05\/swissdec_lohnmeldung-1024x1024.webp 1024w, https:\/\/zvoove.ch\/wp-content\/uploads\/2024\/05\/swissdec_lohnmeldung-150x150.webp 150w, https:\/\/zvoove.ch\/wp-content\/uploads\/2024\/05\/swissdec_lohnmeldung-768x768.webp 768w\" sizes=\"auto, (max-width: 1048px) 100vw, 1048px\" \/>\n    <\/div>\n    <div x-ref=\"innerBlocks\" class=\"prose\">\n        \n\n<h3 class=\"wp-block-heading\">Rapporto salariale annuale senza nuova registrazione per tutte le autorit\u00e0 e le parti sociali.<\/h3>\n\n\n\n<p>I dati vengono preparati con pochi clic e possono essere inviati direttamente ai destinatari desiderati.  <br>Swissdec include le dichiarazioni dei salari per la cassa di compensazione, l&#8217;assicurazione infortuni e malattie e gli uffici fiscali. In questo modo si evita di compilare innumerevoli moduli cartacei e web.<\/p>\n\n\n<div\n    data-block=\"buttons\"\n    class=\"buttons flex flex-wrap justify-start gap-4\"\n    x-ref=\"innerBlocks\"\n>\n    \n<a\n    data-block=\"button\"\n    href=\"https:\/\/zvoove.ch\/it\/chi-siamo\/contattateci\/consulenza\"\n    target=\"_self\"\n    class=\"ph:w-full \"\n>\n    \n\n\n<span\n    class=\"base-button button-hocus:-translate-y-0.5 flex items-center justify-center h-14 pt-[0.2em] base-button-solid px-8 bg-mountain-green dark-bg:bg-white button-hocus:shadow-button rounded-full font-normal dark-bg:text-midnight text-white text-18 whitespace-nowrap transition\"\n    \n>\n    Richiedi una demo\n<\/span><\/a>\n\n<\/div>\n\n    <\/div>\n<\/div>\n\n        <\/div>\n    <\/div>\n    <div class=\"hidden tp:block w-full\">\n        <template x-for=\"tab in tabs\">\n            <div>\n                <button\n                    @click=\"activeTab = activeTab === tab.id ? null : tab.id\"\n                    class=\"flex justify-between items-center gap-6 w-full h-18 text-left\"\n                    :data-tab-id=\"tab.id\"\n                >\n                    <span class=\"font-semibold\" x-text=\"tab.label\"><\/span>\n                    <i\n                        class=\"icon-caret-down transition\"\n                        :class=\"{ 'rotate-180': tab.id === activeTab }\"\n                    ><\/i>\n                <\/button>\n                <div class=\"py-18 border-t\" x-show=\"activeTab === tab.id\">\n                    <div x-html=\"tab.html\"><\/div>\n                <\/div>\n            <\/div>\n        <\/template>\n    <\/div>\n<\/div>\n\n    <\/div>\n<\/div>\n\n<div \n    data-block=\"container\"\n    class=\"bg-cover has-olive-green-5-background pt-30 ph:pt-20 pb-30 ph:pb-20 \"\n    id=\"\"\n    \n>\n    <div\n        class=\"flex flex-col gap-18 ph:gap-12 container \"\n        x-ref=\"innerBlocks\"\n    >\n        \n<div \n    data-block=\"section-intro\"\n    class=\"flex tp:flex-col justify-between gap-6 mb-8 ph:mb-0\"\n>\n    <h2>Scambio di dati certificato: i vostri vantaggi<\/h2>\n    <div \n        class=\"empty:hidden prose max-w-[31.25rem] tl:max-w-[23rem] tp:max-w-none\"\n        x-ref=\"innerBlocks\"\n    ><\/div>\n<\/div>\n\n<div\n    data-block=\"icon-boxes\"\n    data-columns=\"two\"\n    class=\"grid grid-cols-2 ph:grid-cols-1 gap-x-[14.625rem] tl:gap-x-48 tp:gap-x-28 ph:gap-y-12 gap-y-18 \"\n    x-ref=\"innerBlocks\"\n>\n    \n<div\n    x-data=\"iconBox\"\n    data-block=\"icon-box\"\n    class=\" group\"\n    @keydown.escape.window=\"close()\"\n>\n    <div class=\"text-left\">\n        <span class=\"icon ki-animation relative flex mb-4\">\n                            <span class=\"text-[2.75rem]\" style=\"color: \">\n                    <i class=\"ph ph-list-checks\"><\/i>\n                <\/span>\n                    <\/span>\n        <span class=\"ki-animation block prose-sm\" x-ref=\"innerBlocks\">\n            \n\n<h3 class=\"wp-block-heading\">Semplice<\/h3>\n\n\n\n<p>Gli uffici delle imposte, gli assicuratori contro gli infortuni, le casse di compensazione e l&#8217;Ufficio federale di statistica ricevono i dati<br>direttamente da zvoove.<\/p>\n\n\n        <\/span>\n    <\/div>\n\n    <\/div>\n\n<div\n    x-data=\"iconBox\"\n    data-block=\"icon-box\"\n    class=\" group\"\n    @keydown.escape.window=\"close()\"\n>\n    <div class=\"text-left\">\n        <span class=\"icon ki-animation relative flex mb-4\">\n                            <span class=\"text-[2.75rem]\" style=\"color: \">\n                    <i class=\"ph ph-shield-check\"><\/i>\n                <\/span>\n                    <\/span>\n        <span class=\"ki-animation block prose-sm\" x-ref=\"innerBlocks\">\n            \n\n<h3 class=\"wp-block-heading\">Sicuro<\/h3>\n\n\n\n<p>Siete voi stessi a decidere a chi trasferire i vostri dati.<br>La sicurezza dei dati \u00e8 garantita e la trasmissione \u00e8 criptata.<\/p>\n\n\n        <\/span>\n    <\/div>\n\n    <\/div>\n\n<div\n    x-data=\"iconBox\"\n    data-block=\"icon-box\"\n    class=\" group\"\n    @keydown.escape.window=\"close()\"\n>\n    <div class=\"text-left\">\n        <span class=\"icon ki-animation relative flex mb-4\">\n                            <span class=\"text-[2.75rem]\" style=\"color: \">\n                    <i class=\"ph ph-tree-structure\"><\/i>\n                <\/span>\n                    <\/span>\n        <span class=\"ki-animation block prose-sm\" x-ref=\"innerBlocks\">\n            \n\n<h3 class=\"wp-block-heading\">Plausibile<\/h3>\n\n\n\n<p>Con Swissdec, i vostri dati anagrafici vengono controllati per verificarne la completezza e la plausibilit\u00e0, garantendo cos\u00ec una maggiore qualit\u00e0 dei dati.<\/p>\n\n\n        <\/span>\n    <\/div>\n\n    <\/div>\n\n<div\n    x-data=\"iconBox\"\n    data-block=\"icon-box\"\n    class=\" group\"\n    @keydown.escape.window=\"close()\"\n>\n    <div class=\"text-left\">\n        <span class=\"icon ki-animation relative flex mb-4\">\n                            <span class=\"text-[2.75rem]\" style=\"color: \">\n                    <i class=\"ph ph-check-circle\"><\/i>\n                <\/span>\n                    <\/span>\n        <span class=\"ki-animation block prose-sm\" x-ref=\"innerBlocks\">\n            \n\n<h3 class=\"wp-block-heading\">Veloce<\/h3>\n\n\n\n<p>Preparazione dei dati con pochi clic: trasferite i dati relativi alle retribuzioni e alle prestazioni direttamente ai destinatari desiderati.<br>Bypassare innumerevoli moduli.<\/p>\n\n\n        <\/span>\n    <\/div>\n\n    <\/div>\n\n<\/div>\n\n    <\/div>\n<\/div>\n\n<div \n    data-block=\"container\"\n    class=\"bg-cover has-indigo-2-background pt-30 ph:pt-20 pb-30 ph:pb-20 \"\n    id=\"\"\n    \n>\n    <div\n        class=\"flex flex-col gap-18 ph:gap-12 w-full \"\n        x-ref=\"innerBlocks\"\n    >\n        \n<div data-block=\"text\" class=\"flex justify-center \">\n    <div class=\"prose prose-center ki-animation w-full max-w-content\" x-ref=\"innerBlocks\" >\n        \n\n<p class=\"has-text-align-right has-fz-32-font-size\"><strong>zvoove \u00e8 un software certificato per le buste paga.<\/strong><\/p>\n\n\n    <\/div>\n<\/div>\n\n<div \n    data-block=\"responsive-image\" \n    class=\"w-full h-auto \"\n>\n    <picture>\n                    <source\n                srcset=\"https:\/\/zvoove.ch\/wp-content\/uploads\/2024\/01\/Grouphomepage_shape_green1.png\"\n                media=\"(orientation: landscape)\"\n                type=\"image\/png\"\n            >\n                \n                    <source\n                srcset=\"https:\/\/zvoove.ch\/wp-content\/uploads\/2024\/01\/Groupmobil_shape1.png\"\n                media=\"(orientation: portrait)\"\n                type=\"image\/png\"\n            >\n        \n                    <img decoding=\"async\"\n                src=\"https:\/\/zvoove.ch\/wp-content\/uploads\/2024\/01\/Grouphomepage_shape_green1.png\"\n                alt=\"homepage_shape\"\n                loading=\"lazy\"\n                class=\"block w-full h-auto\"\n                \n                \n            >\n            <\/picture>\n<\/div>\n\n    <\/div>\n<\/div>\n\n<div \n    data-block=\"container\"\n    class=\"bg-cover has-olive-green-5-background pt-30 ph:pt-20 pb-30 ph:pb-20 \"\n    id=\"\"\n    \n>\n    <div\n        class=\"flex flex-col gap-18 ph:gap-12 container \"\n        x-ref=\"innerBlocks\"\n    >\n        \n<div \n    data-block=\"section-intro\"\n    class=\"flex tp:flex-col justify-between gap-6 mb-8 ph:mb-0\"\n>\n    <h2>I vantaggi pi\u00f9 importanti dell&#8217;utilizzo dell&#8217;ELM<\/h2>\n    <div \n        class=\"empty:hidden prose max-w-[31.25rem] tl:max-w-[23rem] tp:max-w-none\"\n        x-ref=\"innerBlocks\"\n    >\n\n<p>ELM si riferisce alla procedura standardizzata di rendicontazione dei salari in Svizzera.<\/p>\n\n<\/div>\n<\/div>\n\n<div data-block=\"accordeon\" class=\"\">\n    <div x-ref=\"innerBlocks\" class=\"divide-y border-y\">\n        \n<div \n    data-block=\"toggle\" \n    x-data=\"toggle\" \n    data-open=\"1\"\n    class=\"flex flex-col py-10\"\n>\n    <button @click=\"isOpen = !isOpen\" class=\"flex items-center justify-between w-full text-left\">\n        <strong class=\"text-24 ph:text-16 font-semibold\">I rapporti sulle retribuzioni devono sempre essere firmati?<\/strong>\n        <span\n            :class=\"{\n                'after:scale-y-100': !isOpen,\n                'after:scale-y-0': isOpen,\n            }\"\n            class=\"shrink-0 relative w-5 h-5 before:absolute before:top-1\/2 before:left-1\/2 before:w-full before:h-0.75 before:bg-dark-forest before:rounded before:-translate-x-1\/2 before:-translate-y-1\/2 after:absolute after:top-1\/2 after:left-1\/2 after:w-0.75 after:h-full after:bg-dark-forest after:rounded after:-translate-x-1\/2 after:-translate-y-1\/2 after:transition-all\"\n        ><\/span>\n    <\/button>\n\n    <div\n        x-ref=\"content\"\n        class=\"overflow-hidden transition-all duration-500\"\n        x-cloak :style=\"{ height: initialized &#038;&#038; resizeCounter &#038;&#038; isOpen ? `${$refs.content.scrollHeight}px` : 0 }\"\n    >\n        <div\n            x-ref=\"innerBlocks\"\n            class=\"prose grid grid-cols-2 ph:grid-cols-1 gap-6 mt-6\"\n        >\n            \n<div data-block=\"text\" class=\"flex justify-start \">\n    <div class=\"prose  ki-animation w-full max-w-content\" x-ref=\"innerBlocks\" >\n        \n\n<p>Le dichiarazioni salariali non richiedono una firma legalmente valida da parte dell&#8217;azienda. I destinatari dei dati hanno il diritto di specificare le modalit\u00e0 di notifica degli stipendi. La rendicontazione elettronica senza &#8220;firma legalmente valida&#8221; \u00e8 quindi riconosciuta dai membri dell&#8217;associazione Swissdec.<\/p>\n\n\n    <\/div>\n<\/div>\n\n        <\/div>\n    <\/div>\n<\/div>\n\n<div \n    data-block=\"toggle\" \n    x-data=\"toggle\" \n    data-open=\"0\"\n    class=\"flex flex-col py-10\"\n>\n    <button @click=\"isOpen = !isOpen\" class=\"flex items-center justify-between w-full text-left\">\n        <strong class=\"text-24 ph:text-16 font-semibold\">I moduli devono ancora essere compilati manualmente?<\/strong>\n        <span\n            :class=\"{\n                'after:scale-y-100': !isOpen,\n                'after:scale-y-0': isOpen,\n            }\"\n            class=\"shrink-0 relative w-5 h-5 before:absolute before:top-1\/2 before:left-1\/2 before:w-full before:h-0.75 before:bg-dark-forest before:rounded before:-translate-x-1\/2 before:-translate-y-1\/2 after:absolute after:top-1\/2 after:left-1\/2 after:w-0.75 after:h-full after:bg-dark-forest after:rounded after:-translate-x-1\/2 after:-translate-y-1\/2 after:transition-all\"\n        ><\/span>\n    <\/button>\n\n    <div\n        x-ref=\"content\"\n        class=\"overflow-hidden transition-all duration-500\"\n        x-cloak :style=\"{ height: initialized &#038;&#038; resizeCounter &#038;&#038; isOpen ? `${$refs.content.scrollHeight}px` : 0 }\"\n    >\n        <div\n            x-ref=\"innerBlocks\"\n            class=\"prose grid grid-cols-2 ph:grid-cols-1 gap-6 mt-6\"\n        >\n            \n<div data-block=\"text\" class=\"flex justify-start \">\n    <div class=\"prose  ki-animation w-full max-w-content\" x-ref=\"innerBlocks\" >\n        \n\n<p>Con &#8220;ELM&#8221;, la compilazione manuale di innumerevoli moduli viene completamente eliminata e sostituita da un report elettronico standardizzato e privo di supporti cartacei sulle retribuzioni tramite zvoove. Le aziende sono sollevate dalla possibilit\u00e0 di servire tutti i destinatari dei dati retributivi desiderati con una semplice trasmissione. Inoltre, &#8220;ELM&#8221; consente di segnalare le entrate\/uscite dall&#8217;AVS e tutte le modifiche dell&#8217;imposta alla fonte durante l&#8217;anno.<\/p>\n\n\n    <\/div>\n<\/div>\n\n        <\/div>\n    <\/div>\n<\/div>\n\n<div \n    data-block=\"toggle\" \n    x-data=\"toggle\" \n    data-open=\"0\"\n    class=\"flex flex-col py-10\"\n>\n    <button @click=\"isOpen = !isOpen\" class=\"flex items-center justify-between w-full text-left\">\n        <strong class=\"text-24 ph:text-16 font-semibold\">I dati possono essere trasferiti da qualsiasi sistema ERP?<\/strong>\n        <span\n            :class=\"{\n                'after:scale-y-100': !isOpen,\n                'after:scale-y-0': isOpen,\n            }\"\n            class=\"shrink-0 relative w-5 h-5 before:absolute before:top-1\/2 before:left-1\/2 before:w-full before:h-0.75 before:bg-dark-forest before:rounded before:-translate-x-1\/2 before:-translate-y-1\/2 after:absolute after:top-1\/2 after:left-1\/2 after:w-0.75 after:h-full after:bg-dark-forest after:rounded after:-translate-x-1\/2 after:-translate-y-1\/2 after:transition-all\"\n        ><\/span>\n    <\/button>\n\n    <div\n        x-ref=\"content\"\n        class=\"overflow-hidden transition-all duration-500\"\n        x-cloak :style=\"{ height: initialized &#038;&#038; resizeCounter &#038;&#038; isOpen ? `${$refs.content.scrollHeight}px` : 0 }\"\n    >\n        <div\n            x-ref=\"innerBlocks\"\n            class=\"prose grid grid-cols-2 ph:grid-cols-1 gap-6 mt-6\"\n        >\n            \n<div data-block=\"text\" class=\"flex justify-start \">\n    <div class=\"prose  ki-animation w-full max-w-content\" x-ref=\"innerBlocks\" >\n        \n\n<p>No. Un sistema ERP come zvoove deve soddisfare diversi criteri di certificazione. Questo processo verifica la sicurezza e l&#8217;affidabilit\u00e0 del software e la possibilit\u00e0 di produrre i dati secondo i requisiti del destinatario. Zvoove ha superato a pieni voti questo complesso processo di certificazione ed entra cos\u00ec a far parte della ristretta cerchia dei programmi payroll certificati da Swissdec.<\/p>\n\n\n    <\/div>\n<\/div>\n\n        <\/div>\n    <\/div>\n<\/div>\n\n    <\/div>\n<\/div>\n\n    <\/div>\n<\/div>\n\n<div \n    data-block=\"container\"\n    class=\"bg-cover has-indigo-2-background pt-30 ph:pt-20 pb-30 ph:pb-20 \"\n    id=\"\"\n    \n>\n    <div\n        class=\"flex flex-col gap-18 ph:gap-12 container \"\n        x-ref=\"innerBlocks\"\n    >\n        \n<div \n    data-block=\"text-image\" \n    class=\"grid grid-cols-2 gap-18 ph:gap-6 tp:grid-cols-1 \"\n>\n    <div class=\"flex\">\n        <div class=\"my-auto\">\n            <div x-ref=\"innerBlocks\" class=\"prose ki-animation\">\n                \n\n<h2 class=\"wp-block-heading\">Lasciatevi consigliare.<\/h2>\n\n\n\n<p>Vuoi rendere pi\u00f9 efficiente il tuo trasferimento di dati con zvoove? I nostri esperti sono a disposizione per fornire assistenza e consigli.<\/p>\n\n\n<div\n    data-block=\"buttons\"\n    class=\"buttons flex flex-wrap justify-start gap-4\"\n    x-ref=\"innerBlocks\"\n>\n    \n<a\n    data-block=\"button\"\n    href=\"https:\/\/zvoove.ch\/it\/chi-siamo\/contattateci\/consulenza\"\n    target=\"_self\"\n    class=\"ph:w-full \"\n>\n    \n\n\n<span\n    class=\"base-button button-hocus:-translate-y-0.5 flex items-center justify-center h-14 pt-[0.2em] base-button-outlined px-8 border-mountain-green dark-bg:border-white button-hocus:shadow-button rounded-full text-midnight border font-normal dark-bg:text-white text-18 whitespace-nowrap transition\"\n    \n>\n    Richiesta di presentazione\n<\/span><\/a>\n\n<\/div>\n\n            <\/div>\n        <\/div>\n    <\/div>\n\n    <div class=\"image ki-animation flex order-first tp:order-first\">\n        <img loading=\"lazy\" decoding=\"async\" width=\"1160\" height=\"1160\" src=\"https:\/\/zvoove.ch\/wp-content\/uploads\/2024\/02\/Group-56152.png\" class=\"block w-full h-auto m-auto\" alt=\"\" srcset=\"https:\/\/zvoove.ch\/wp-content\/uploads\/2024\/02\/Group-56152.png 1160w, https:\/\/zvoove.ch\/wp-content\/uploads\/2024\/02\/Group-56152-300x300.png 300w, https:\/\/zvoove.ch\/wp-content\/uploads\/2024\/02\/Group-56152-1024x1024.png 1024w, https:\/\/zvoove.ch\/wp-content\/uploads\/2024\/02\/Group-56152-150x150.png 150w, https:\/\/zvoove.ch\/wp-content\/uploads\/2024\/02\/Group-56152-768x768.png 768w\" sizes=\"auto, (max-width: 1160px) 100vw, 1160px\" \/>\n    <\/div>\n<\/div>\n\n    <\/div>\n<\/div>","protected":false},"excerpt":{"rendered":"","protected":false},"author":14,"featured_media":0,"parent":19696,"menu_order":0,"comment_status":"closed","ping_status":"closed","template":"","meta":{"_acf_changed":false,"_seopress_robots_primary_cat":"","_seopress_titles_title":"Software conforme a Swissdec: semplificare la contabilit\u00e0 secondo gli standard svizzeri","_seopress_titles_desc":"Beneficiare di una soluzione software personalizzata per le esigenze delle aziende svizzere","_seopress_robots_index":"","footnotes":""},"class_list":["post-19731","page","type-page","status-publish","hentry"],"acf":[],"_links":{"self":[{"href":"https:\/\/zvoove.ch\/it\/wp-json\/wp\/v2\/pages\/19731","targetHints":{"allow":["GET"]}}],"collection":[{"href":"https:\/\/zvoove.ch\/it\/wp-json\/wp\/v2\/pages"}],"about":[{"href":"https:\/\/zvoove.ch\/it\/wp-json\/wp\/v2\/types\/page"}],"author":[{"embeddable":true,"href":"https:\/\/zvoove.ch\/it\/wp-json\/wp\/v2\/users\/14"}],"replies":[{"embeddable":true,"href":"https:\/\/zvoove.ch\/it\/wp-json\/wp\/v2\/comments?post=19731"}],"version-history":[{"count":9,"href":"https:\/\/zvoove.ch\/it\/wp-json\/wp\/v2\/pages\/19731\/revisions"}],"predecessor-version":[{"id":21160,"href":"https:\/\/zvoove.ch\/it\/wp-json\/wp\/v2\/pages\/19731\/revisions\/21160"}],"up":[{"embeddable":true,"href":"https:\/\/zvoove.ch\/it\/wp-json\/wp\/v2\/pages\/19696"}],"wp:attachment":[{"href":"https:\/\/zvoove.ch\/it\/wp-json\/wp\/v2\/media?parent=19731"}],"curies":[{"name":"wp","href":"https:\/\/api.w.org\/{rel}","templated":true}]}}