{"id":19638,"date":"2023-09-05T08:21:24","date_gmt":"2023-09-05T06:21:24","guid":{"rendered":"https:\/\/zvoove.ch\/debitori"},"modified":"2024-05-06T15:52:40","modified_gmt":"2024-05-06T13:52:40","slug":"debitori","status":"publish","type":"page","link":"https:\/\/zvoove.ch\/it\/servizi\/debitori","title":{"rendered":"Debitori"},"content":{"rendered":"<div \n    data-block=\"container\"\n    class=\"bg-cover has-olive-green-5-background pt-60 ph:pt-30 pb-30 ph:pb-20 \"\n    id=\"\"\n    \n>\n    <div\n        class=\"flex flex-col gap-18 ph:gap-12 container \"\n        x-ref=\"innerBlocks\"\n    >\n        \n<div \n    data-block=\"text-image\" \n    class=\"grid grid-cols-2 gap-18 ph:gap-6 tp:grid-cols-1 \"\n>\n    <div class=\"flex\">\n        <div class=\"my-auto\">\n            <div x-ref=\"innerBlocks\" class=\"prose ki-animation\">\n                \n\n<p class=\"is-style-kicker\">Gestione professionale dei crediti<\/p>\n\n\n\n<h1 class=\"wp-block-heading\">Fatturazione con zvoove Services: corretta ed efficiente<\/h1>\n\n\n\n<p>Creiamo le fatture, elaboriamo i pagamenti in entrata e ci occupiamo del processo di sollecito per voi.<\/p>\n\n\n            <\/div>\n        <\/div>\n    <\/div>\n\n    <div class=\"image ki-animation flex order-first tp:order-first\">\n        <img loading=\"lazy\" decoding=\"async\" width=\"1160\" height=\"1160\" src=\"https:\/\/zvoove.ch\/wp-content\/uploads\/2024\/02\/Group-56152.png\" class=\"block w-full h-auto m-auto\" alt=\"\" srcset=\"https:\/\/zvoove.ch\/wp-content\/uploads\/2024\/02\/Group-56152.png 1160w, https:\/\/zvoove.ch\/wp-content\/uploads\/2024\/02\/Group-56152-300x300.png 300w, https:\/\/zvoove.ch\/wp-content\/uploads\/2024\/02\/Group-56152-1024x1024.png 1024w, https:\/\/zvoove.ch\/wp-content\/uploads\/2024\/02\/Group-56152-150x150.png 150w, https:\/\/zvoove.ch\/wp-content\/uploads\/2024\/02\/Group-56152-768x768.png 768w\" sizes=\"auto, (max-width: 1160px) 100vw, 1160px\" \/>\n    <\/div>\n<\/div>\n\n    <\/div>\n<\/div>\n\n<div \n    data-block=\"container\"\n    class=\"bg-cover has-default-background pt-30 ph:pt-20 pb-15 ph:pb-10 \"\n    id=\"\"\n    \n>\n    <div\n        class=\"flex flex-col gap-30 ph:gap-20 container \"\n        x-ref=\"innerBlocks\"\n    >\n        \n<div \n    data-block=\"section-intro\"\n    class=\"flex tp:flex-col justify-between gap-6 mb-8 ph:mb-0\"\n>\n    <h2>Servizi zvoove: Pi\u00f9 di un semplice software<\/h2>\n    <div \n        class=\"empty:hidden prose max-w-[31.25rem] tl:max-w-[23rem] tp:max-w-none\"\n        x-ref=\"innerBlocks\"\n    ><\/div>\n<\/div>\n\n    <\/div>\n<\/div>\n\n<div \n    data-block=\"container\"\n    class=\"bg-cover has-default-background pt-15 ph:pt-10 pb-30 ph:pb-20 \"\n    id=\"\"\n    \n>\n    <div\n        class=\"flex flex-col gap-30 ph:gap-20 container \"\n        x-ref=\"innerBlocks\"\n    >\n        \n<div\n    x-data=\"verticalTabs\"\n    data-block=\"vertical-tabs\"\n    class=\"flex gap-18\"\n>\n    <ul class=\"tp:hidden w-[14rem] space-y-8\">\n        <template x-for=\"tab in tabs\">\n            <li>\n                <button\n                    @click=\"activeTab = tab.id\"\n                    class=\"relative font-semibold text-24 text-left after:absolute after:inset-x-0 after:bottom-0 after:h-px after:bg-dark-forest hocus:after:opacity-100 hocus:after:translate-y-0 after:transition-all transition\"\n                    :class=\"{ 'opacity-50 after:opacity-0 after:translate-y-2': tab.id !== activeTab }\"\n                    x-text=\"tab.label\"\n                >\n                <\/button>\n            <\/li>\n        <\/template>\n    <\/ul>\n    <div x-ref=\"content\" class=\"flex-1 tp:hidden\" x-cloak>\n        <div x-ref=\"innerBlocks\" >\n            \n<div\n    data-block=\"tab\"\n    data-label=\"Liquidazione degli incarichi svolti\"\n    class=\"flex tl:flex-col-reverse gap-18 ph:gap-13\"\n    x-show=\"activeTab === 'Liquidazione degli incarichi svolti'\"\n>\n    <div class=\"shrink-0 w-full max-w-[22.5rem]\">\n        <img loading=\"lazy\" decoding=\"async\" width=\"1048\" height=\"1048\" src=\"https:\/\/zvoove.ch\/wp-content\/uploads\/2024\/05\/buchhaltung_buchungsjournal.webp\" class=\"block w-full h-auto\" alt=\"Buchungsjournal\" srcset=\"https:\/\/zvoove.ch\/wp-content\/uploads\/2024\/05\/buchhaltung_buchungsjournal.webp 1048w, https:\/\/zvoove.ch\/wp-content\/uploads\/2024\/05\/buchhaltung_buchungsjournal-300x300.webp 300w, https:\/\/zvoove.ch\/wp-content\/uploads\/2024\/05\/buchhaltung_buchungsjournal-1024x1024.webp 1024w, https:\/\/zvoove.ch\/wp-content\/uploads\/2024\/05\/buchhaltung_buchungsjournal-150x150.webp 150w, https:\/\/zvoove.ch\/wp-content\/uploads\/2024\/05\/buchhaltung_buchungsjournal-768x768.webp 768w\" sizes=\"auto, (max-width: 1048px) 100vw, 1048px\" \/>\n    <\/div>\n    <div x-ref=\"innerBlocks\" class=\"prose\">\n        \n\n<h3 class=\"wp-block-heading has-fz-24-font-size\">Monetizzare le ore lavorate.<\/h3>\n\n\n\n<p>Oltre all&#8217;elaborazione delle buste paga, lo scopo del vostro impegno \u00e8 quello di fatturare le ore lavorate. Nulla \u00e8 pi\u00f9 importante della corretta fatturazione del vostro servizio. La presentazione delle fatture \u00e8 personalizzata in base alle esigenze delle aziende e viene sempre trasmessa con una qualit\u00e0 costante.<\/p>\n\n\n<div\n    data-block=\"buttons\"\n    class=\"buttons flex flex-wrap justify-start gap-4\"\n    x-ref=\"innerBlocks\"\n>\n    \n<a\n    data-block=\"button\"\n    href=\"https:\/\/zvoove.ch\/it\/chi-siamo\/contattateci\/consulenza\"\n    target=\"_self\"\n    class=\"ph:w-full \"\n>\n    \n\n\n<span\n    class=\"base-button button-hocus:-translate-y-0.5 flex items-center justify-center h-14 pt-[0.2em] base-button-solid px-8 bg-mountain-green dark-bg:bg-white button-hocus:shadow-button rounded-full font-normal dark-bg:text-midnight text-white text-18 whitespace-nowrap transition\"\n    \n>\n    Richiesta di consulenza\n<\/span><\/a>\n\n<\/div>\n\n    <\/div>\n<\/div>\n\n<div\n    data-block=\"tab\"\n    data-label=\"Gestire i pagamenti in entrata\"\n    class=\"flex tl:flex-col-reverse gap-18 ph:gap-13\"\n    x-show=\"activeTab === 'Gestire i pagamenti in entrata'\"\n>\n    <div class=\"shrink-0 w-full max-w-[22.5rem]\">\n        <img loading=\"lazy\" decoding=\"async\" width=\"1048\" height=\"1048\" src=\"https:\/\/zvoove.ch\/wp-content\/uploads\/2024\/05\/buchhaltung_debitorenverwaltung.webp\" class=\"block w-full h-auto\" alt=\"Debitorenverwaltung\" srcset=\"https:\/\/zvoove.ch\/wp-content\/uploads\/2024\/05\/buchhaltung_debitorenverwaltung.webp 1048w, https:\/\/zvoove.ch\/wp-content\/uploads\/2024\/05\/buchhaltung_debitorenverwaltung-300x300.webp 300w, https:\/\/zvoove.ch\/wp-content\/uploads\/2024\/05\/buchhaltung_debitorenverwaltung-1024x1024.webp 1024w, https:\/\/zvoove.ch\/wp-content\/uploads\/2024\/05\/buchhaltung_debitorenverwaltung-150x150.webp 150w, https:\/\/zvoove.ch\/wp-content\/uploads\/2024\/05\/buchhaltung_debitorenverwaltung-768x768.webp 768w\" sizes=\"auto, (max-width: 1048px) 100vw, 1048px\" \/>\n    <\/div>\n    <div x-ref=\"innerBlocks\" class=\"prose\">\n        \n\n<h3 class=\"wp-block-heading has-fz-24-font-size\">Le voci aperte sono aggiornate e organizzate in modo chiaro.<\/h3>\n\n\n\n<p>La liquidit\u00e0 \u00e8 alla base e vitale per la vostra azienda. Elaboriamo tutti i file ISO della vostra banca e creiamo una panoramica trasparente dei pagamenti in ritardo dei clienti.  <\/p>\n\n\n<div\n    data-block=\"buttons\"\n    class=\"buttons flex flex-wrap justify-start gap-4\"\n    x-ref=\"innerBlocks\"\n>\n    \n<a\n    data-block=\"button\"\n    href=\"https:\/\/zvoove.ch\/it\/chi-siamo\/contattateci\/consulenza\"\n    target=\"_self\"\n    class=\"ph:w-full \"\n>\n    \n\n\n<span\n    class=\"base-button button-hocus:-translate-y-0.5 flex items-center justify-center h-14 pt-[0.2em] base-button-solid px-8 bg-mountain-green dark-bg:bg-white button-hocus:shadow-button rounded-full font-normal dark-bg:text-midnight text-white text-18 whitespace-nowrap transition\"\n    \n>\n    Richiesta di consulenza\n<\/span><\/a>\n\n<\/div>\n\n    <\/div>\n<\/div>\n\n<div\n    data-block=\"tab\"\n    data-label=\"Sordimento\"\n    class=\"flex tl:flex-col-reverse gap-18 ph:gap-13\"\n    x-show=\"activeTab === 'Sordimento'\"\n>\n    <div class=\"shrink-0 w-full max-w-[22.5rem]\">\n        <img loading=\"lazy\" decoding=\"async\" width=\"1048\" height=\"1048\" src=\"https:\/\/zvoove.ch\/wp-content\/uploads\/2024\/05\/zeiterfassung-rapport.webp\" class=\"block w-full h-auto\" alt=\"Rapport\" srcset=\"https:\/\/zvoove.ch\/wp-content\/uploads\/2024\/05\/zeiterfassung-rapport.webp 1048w, https:\/\/zvoove.ch\/wp-content\/uploads\/2024\/05\/zeiterfassung-rapport-300x300.webp 300w, https:\/\/zvoove.ch\/wp-content\/uploads\/2024\/05\/zeiterfassung-rapport-1024x1024.webp 1024w, https:\/\/zvoove.ch\/wp-content\/uploads\/2024\/05\/zeiterfassung-rapport-150x150.webp 150w, https:\/\/zvoove.ch\/wp-content\/uploads\/2024\/05\/zeiterfassung-rapport-768x768.webp 768w\" sizes=\"auto, (max-width: 1048px) 100vw, 1048px\" \/>\n    <\/div>\n    <div x-ref=\"innerBlocks\" class=\"prose\">\n        \n\n<h3 class=\"wp-block-heading has-fz-24-font-size\">Ricordiamo ai vostri clienti quando \u00e8 necessario.<\/h3>\n\n\n\n<p>Il processo di sollecito \u00e8 uno strumento necessario per garantire che i vostri crediti insoluti siano saldati e che manteniate le opzioni di pagamento.  <br>Insieme stabiliamo quando qualcuno viene sollecitato e quando viene inviato un sollecito, evitando cos\u00ec vari costi per eventuali procedure di recupero crediti.<\/p>\n\n\n<div\n    data-block=\"buttons\"\n    class=\"buttons flex flex-wrap justify-start gap-4\"\n    x-ref=\"innerBlocks\"\n>\n    \n<a\n    data-block=\"button\"\n    href=\"https:\/\/zvoove.ch\/it\/chi-siamo\/contattateci\/consulenza\"\n    target=\"_self\"\n    class=\"ph:w-full \"\n>\n    \n\n\n<span\n    class=\"base-button button-hocus:-translate-y-0.5 flex items-center justify-center h-14 pt-[0.2em] base-button-solid px-8 bg-mountain-green dark-bg:bg-white button-hocus:shadow-button rounded-full font-normal dark-bg:text-midnight text-white text-18 whitespace-nowrap transition\"\n    \n>\n    Richiesta di consulenza\n<\/span><\/a>\n\n<\/div>\n\n    <\/div>\n<\/div>\n\n        <\/div>\n    <\/div>\n    <div class=\"hidden tp:block w-full\">\n        <template x-for=\"tab in tabs\">\n            <div>\n                <button\n                    @click=\"activeTab = activeTab === tab.id ? null : tab.id\"\n                    class=\"flex justify-between items-center gap-6 w-full h-18 text-left\"\n                    :data-tab-id=\"tab.id\"\n                >\n                    <span class=\"font-semibold\" x-text=\"tab.label\"><\/span>\n                    <i\n                        class=\"icon-caret-down transition\"\n                        :class=\"{ 'rotate-180': tab.id === activeTab }\"\n                    ><\/i>\n                <\/button>\n                <div class=\"py-18 border-t\" x-show=\"activeTab === tab.id\">\n                    <div x-html=\"tab.html\"><\/div>\n                <\/div>\n            <\/div>\n        <\/template>\n    <\/div>\n<\/div>\n\n    <\/div>\n<\/div>\n\n<div \n    data-block=\"container\"\n    class=\"bg-cover has-olive-green-5-background pt-30 ph:pt-20 pb-30 ph:pb-20 \"\n    id=\"\"\n    \n>\n    <div\n        class=\"flex flex-col gap-18 ph:gap-12 container \"\n        x-ref=\"innerBlocks\"\n    >\n        \n<div \n    data-block=\"section-intro\"\n    class=\"flex tp:flex-col justify-between gap-6 mb-8 ph:mb-0\"\n>\n    <h2>I vostri vantaggi con  <br \/>\nServizi zvoove nella gestione dei crediti<\/h2>\n    <div \n        class=\"empty:hidden prose max-w-[31.25rem] tl:max-w-[23rem] tp:max-w-none\"\n        x-ref=\"innerBlocks\"\n    ><\/div>\n<\/div>\n\n<div\n    data-block=\"icon-boxes\"\n    data-columns=\"two\"\n    class=\"grid grid-cols-2 ph:grid-cols-1 gap-x-[14.625rem] tl:gap-x-48 tp:gap-x-28 ph:gap-y-12 gap-y-18 \"\n    x-ref=\"innerBlocks\"\n>\n    \n<div\n    x-data=\"iconBox\"\n    data-block=\"icon-box\"\n    class=\" group\"\n    @keydown.escape.window=\"close()\"\n>\n    <div class=\"text-left\">\n        <span class=\"icon ki-animation relative flex mb-4\">\n                            <span class=\"text-[2.75rem]\" style=\"color: \">\n                    <i class=\"ph ph-chart-line-up\"><\/i>\n                <\/span>\n                    <\/span>\n        <span class=\"ki-animation block prose-sm\" x-ref=\"innerBlocks\">\n            \n\n<h3 class=\"wp-block-heading\">Aumento della qualit\u00e0 della fattura<\/h3>\n\n\n\n<p>La nostra esperienza aumenta la qualit\u00e0 delle vostre fatture e riduce notevolmente la quantit\u00e0 di correzioni necessarie. Questo aumenta anche la soddisfazione dei vostri clienti.<\/p>\n\n\n        <\/span>\n    <\/div>\n\n    <\/div>\n\n<div\n    x-data=\"iconBox\"\n    data-block=\"icon-box\"\n    class=\" group\"\n    @keydown.escape.window=\"close()\"\n>\n    <div class=\"text-left\">\n        <span class=\"icon ki-animation relative flex mb-4\">\n                            <span class=\"text-[2.75rem]\" style=\"color: \">\n                    <i class=\"ph ph-file-arrow-down\"><\/i>\n                <\/span>\n                    <\/span>\n        <span class=\"ki-animation block prose-sm\" x-ref=\"innerBlocks\">\n            \n\n<h3 class=\"wp-block-heading\">Trasparente e completo<\/h3>\n\n\n\n<p>Non gestiamo solo i pagamenti in uscita, ma anche quelli in entrata, garantendo cos\u00ec una panoramica aggiornata della liquidit\u00e0 della vostra azienda.<\/p>\n\n\n        <\/span>\n    <\/div>\n\n    <\/div>\n\n<div\n    x-data=\"iconBox\"\n    data-block=\"icon-box\"\n    class=\" group\"\n    @keydown.escape.window=\"close()\"\n>\n    <div class=\"text-left\">\n        <span class=\"icon ki-animation relative flex mb-4\">\n                            <span class=\"text-[2.75rem]\" style=\"color: \">\n                    <i class=\"ph ph-chart-donut\"><\/i>\n                <\/span>\n                    <\/span>\n        <span class=\"ki-animation block prose-sm\" x-ref=\"innerBlocks\">\n            \n\n<h3 class=\"wp-block-heading\">Personalizzato per voi<\/h3>\n\n\n\n<p>Le fatture vengono generate con il vostro design aziendale. Inoltre, la struttura di questi documenti pu\u00f2 essere personalizzata in base alle esigenze individuali di ogni azienda ospitante.<\/p>\n\n\n        <\/span>\n    <\/div>\n\n    <\/div>\n\n<div\n    x-data=\"iconBox\"\n    data-block=\"icon-box\"\n    class=\" group\"\n    @keydown.escape.window=\"close()\"\n>\n    <div class=\"text-left\">\n        <span class=\"icon ki-animation relative flex mb-4\">\n                            <span class=\"text-[2.75rem]\" style=\"color: \">\n                    <i class=\"ph ph-bank\"><\/i>\n                <\/span>\n                    <\/span>\n        <span class=\"ki-animation block prose-sm\" x-ref=\"innerBlocks\">\n            \n\n<h3 class=\"wp-block-heading\">Meno crediti in sospeso<\/h3>\n\n\n\n<p>Inviamo solleciti ai vostri clienti inadempienti in modo professionale e senza alcun impatto negativo sulle vostre relazioni con i clienti. Per questo motivo, i pagamenti in entrata sono ridotti al minimo.<\/p>\n\n\n        <\/span>\n    <\/div>\n\n    <\/div>\n\n<\/div>\n\n    <\/div>\n<\/div>\n\n<div \n    data-block=\"container\"\n    class=\"bg-cover has-default-background pt-30 ph:pt-20 pb-30 ph:pb-20 \"\n    id=\"\"\n    \n>\n    <div\n        class=\"flex flex-col gap-18 ph:gap-12 w-full \"\n        x-ref=\"innerBlocks\"\n    >\n        \n<div data-block=\"text\" class=\"flex justify-center \">\n    <div class=\"prose prose-center ki-animation w-full max-w-content\" x-ref=\"innerBlocks\" >\n        \n\n<p class=\"has-text-align-right has-fz-32-font-size\"><strong>zvoove si occupa dei vostri debitori.<\/strong><\/p>\n\n\n    <\/div>\n<\/div>\n\n<div \n    data-block=\"responsive-image\" \n    class=\"w-full h-auto \"\n>\n    <picture>\n                    <source\n                srcset=\"https:\/\/zvoove.ch\/wp-content\/uploads\/2024\/01\/Grouphomepage_shape_green1.png\"\n                media=\"(orientation: landscape)\"\n                type=\"image\/png\"\n            >\n                \n                    <source\n                srcset=\"https:\/\/zvoove.ch\/wp-content\/uploads\/2024\/01\/Groupmobil_shape1.png\"\n                media=\"(orientation: portrait)\"\n                type=\"image\/png\"\n            >\n        \n                    <img decoding=\"async\"\n                src=\"https:\/\/zvoove.ch\/wp-content\/uploads\/2024\/01\/Grouphomepage_shape_green1.png\"\n                alt=\"homepage_shape\"\n                loading=\"lazy\"\n                class=\"block w-full h-auto\"\n                \n                \n            >\n            <\/picture>\n<\/div>\n\n<div \n    data-block=\"responsive-image\" \n    class=\"w-full h-auto \"\n>\n    <picture>\n                \n        \n            <\/picture>\n<\/div>\n\n    <\/div>\n<\/div>\n\n<div \n    data-block=\"container\"\n    class=\"bg-cover has-olive-green-5-background pt-30 ph:pt-20 pb-30 ph:pb-20 \"\n    id=\"\"\n    \n>\n    <div\n        class=\"flex flex-col gap-18 ph:gap-12 container \"\n        x-ref=\"innerBlocks\"\n    >\n        \n<div \n    data-block=\"section-intro\"\n    class=\"flex tp:flex-col justify-between gap-6 mb-8 ph:mb-0\"\n>\n    <h2>Domande e risposte sulla gestione dei crediti da parte di zvoove Services<\/h2>\n    <div \n        class=\"empty:hidden prose max-w-[31.25rem] tl:max-w-[23rem] tp:max-w-none\"\n        x-ref=\"innerBlocks\"\n    >\n\n<p>Scoprite cosa c&#8217;\u00e8 dietro i servizi zvoove.<\/p>\n\n<\/div>\n<\/div>\n\n<div data-block=\"accordeon\" class=\"\">\n    <div x-ref=\"innerBlocks\" class=\"divide-y border-y\">\n        \n<div \n    data-block=\"toggle\" \n    x-data=\"toggle\" \n    data-open=\"1\"\n    class=\"flex flex-col py-10\"\n>\n    <button @click=\"isOpen = !isOpen\" class=\"flex items-center justify-between w-full text-left\">\n        <strong class=\"text-24 ph:text-16 font-semibold\">Come fa zvoove Services a garantire la migliore qualit\u00e0 possibile delle fatture?<\/strong>\n        <span\n            :class=\"{\n                'after:scale-y-100': !isOpen,\n                'after:scale-y-0': isOpen,\n            }\"\n            class=\"shrink-0 relative w-5 h-5 before:absolute before:top-1\/2 before:left-1\/2 before:w-full before:h-0.75 before:bg-dark-forest before:rounded before:-translate-x-1\/2 before:-translate-y-1\/2 after:absolute after:top-1\/2 after:left-1\/2 after:w-0.75 after:h-full after:bg-dark-forest after:rounded after:-translate-x-1\/2 after:-translate-y-1\/2 after:transition-all\"\n        ><\/span>\n    <\/button>\n\n    <div\n        x-ref=\"content\"\n        class=\"overflow-hidden transition-all duration-500\"\n        x-cloak :style=\"{ height: initialized &#038;&#038; resizeCounter &#038;&#038; isOpen ? `${$refs.content.scrollHeight}px` : 0 }\"\n    >\n        <div\n            x-ref=\"innerBlocks\"\n            class=\"prose grid grid-cols-2 ph:grid-cols-1 gap-6 mt-6\"\n        >\n            \n<div data-block=\"text\" class=\"flex justify-start \">\n    <div class=\"prose  ki-animation w-full max-w-content\" x-ref=\"innerBlocks\" >\n        \n\n<p>zvoove Services presta particolare attenzione alla fatturazione. Fatture e rapporti sono controllati meticolosamente da un occhio esperto e da anni di esperienza. Il cliente sar\u00e0 informato di eventuali discrepanze prima della spedizione. Grazie a un processo estremamente efficiente e in continua ottimizzazione, zvoove Services \u00e8 in grado di garantire la migliore qualit\u00e0 possibile delle fatture.  <\/p>\n\n\n    <\/div>\n<\/div>\n\n        <\/div>\n    <\/div>\n<\/div>\n\n<div \n    data-block=\"toggle\" \n    x-data=\"toggle\" \n    data-open=\"0\"\n    class=\"flex flex-col py-10\"\n>\n    <button @click=\"isOpen = !isOpen\" class=\"flex items-center justify-between w-full text-left\">\n        <strong class=\"text-24 ph:text-16 font-semibold\">Come si tiene conto dei pagamenti in entrata dalle societ\u00e0 di assegnazione?<\/strong>\n        <span\n            :class=\"{\n                'after:scale-y-100': !isOpen,\n                'after:scale-y-0': isOpen,\n            }\"\n            class=\"shrink-0 relative w-5 h-5 before:absolute before:top-1\/2 before:left-1\/2 before:w-full before:h-0.75 before:bg-dark-forest before:rounded before:-translate-x-1\/2 before:-translate-y-1\/2 after:absolute after:top-1\/2 after:left-1\/2 after:w-0.75 after:h-full after:bg-dark-forest after:rounded after:-translate-x-1\/2 after:-translate-y-1\/2 after:transition-all\"\n        ><\/span>\n    <\/button>\n\n    <div\n        x-ref=\"content\"\n        class=\"overflow-hidden transition-all duration-500\"\n        x-cloak :style=\"{ height: initialized &#038;&#038; resizeCounter &#038;&#038; isOpen ? `${$refs.content.scrollHeight}px` : 0 }\"\n    >\n        <div\n            x-ref=\"innerBlocks\"\n            class=\"prose grid grid-cols-2 ph:grid-cols-1 gap-6 mt-6\"\n        >\n            \n<div data-block=\"text\" class=\"flex justify-start \">\n    <div class=\"prose  ki-animation w-full max-w-content\" x-ref=\"innerBlocks\" >\n        \n\n<p>I pagamenti in entrata sul vostro conto bancario possono essere letti sotto forma di file specifici. Queste informazioni vengono assegnate alle rispettive fatture delle societ\u00e0 di distribuzione e contabilizzate. zvoove Services verifica la completezza del pagamento.<br>Se gli importi delle fatture vengono pagati solo in parte, i pagamenti parziali verranno contabilizzati in accordo con il cliente e gli importi rimanenti verranno nuovamente inviati alla societ\u00e0 di assegnazione come fatture differenziali.<\/p>\n\n\n    <\/div>\n<\/div>\n\n        <\/div>\n    <\/div>\n<\/div>\n\n    <\/div>\n<\/div>\n\n    <\/div>\n<\/div>\n\n<div \n    data-block=\"container\"\n    class=\"bg-cover has-royal-2-background pt-30 ph:pt-20 pb-30 ph:pb-20 \"\n    id=\"\"\n    \n>\n    <div\n        class=\"flex flex-col gap-18 ph:gap-12 container \"\n        x-ref=\"innerBlocks\"\n    >\n        \n<div \n    data-block=\"text-image\" \n    class=\"grid grid-cols-2 gap-18 ph:gap-6 tp:grid-cols-1 \"\n>\n    <div class=\"flex\">\n        <div class=\"my-auto\">\n            <div x-ref=\"innerBlocks\" class=\"prose ki-animation\">\n                \n\n<h2 class=\"wp-block-heading\">Lasciatevi consigliare da noi!<\/h2>\n\n\n\n<p>Avete domande sulla gestione dei crediti? Contattateci: il nostro team di assistenza zvoove vi risponder\u00e0 al pi\u00f9 presto.<\/p>\n\n\n<div\n    data-block=\"buttons\"\n    class=\"buttons flex flex-wrap justify-start gap-4\"\n    x-ref=\"innerBlocks\"\n>\n    \n<a\n    data-block=\"button\"\n    href=\"https:\/\/zvoove.ch\/it\/chi-siamo\/contattateci\/consulenza\"\n    target=\"_self\"\n    class=\"ph:w-full \"\n>\n    \n\n\n<span\n    class=\"base-button button-hocus:-translate-y-0.5 flex items-center justify-center h-14 pt-[0.2em] base-button-outlined px-8 border-mountain-green dark-bg:border-white button-hocus:shadow-button rounded-full text-midnight border font-normal dark-bg:text-white text-18 whitespace-nowrap transition\"\n    \n>\n    Richiesta di consulenza\n<\/span><\/a>\n\n<\/div>\n\n            <\/div>\n        <\/div>\n    <\/div>\n\n    <div class=\"image ki-animation flex order-first tp:order-first\">\n        <img loading=\"lazy\" decoding=\"async\" width=\"1160\" height=\"1160\" src=\"https:\/\/zvoove.ch\/wp-content\/uploads\/2024\/01\/Group-56151.png\" class=\"block w-full h-auto m-auto\" alt=\"\" srcset=\"https:\/\/zvoove.ch\/wp-content\/uploads\/2024\/01\/Group-56151.png 1160w, https:\/\/zvoove.ch\/wp-content\/uploads\/2024\/01\/Group-56151-300x300.png 300w, https:\/\/zvoove.ch\/wp-content\/uploads\/2024\/01\/Group-56151-1024x1024.png 1024w, https:\/\/zvoove.ch\/wp-content\/uploads\/2024\/01\/Group-56151-150x150.png 150w, https:\/\/zvoove.ch\/wp-content\/uploads\/2024\/01\/Group-56151-768x768.png 768w\" sizes=\"auto, (max-width: 1160px) 100vw, 1160px\" \/>\n    <\/div>\n<\/div>\n\n    <\/div>\n<\/div>","protected":false},"excerpt":{"rendered":"","protected":false},"author":14,"featured_media":0,"parent":19775,"menu_order":0,"comment_status":"closed","ping_status":"closed","template":"","meta":{"_acf_changed":false,"_seopress_robots_primary_cat":"","_seopress_titles_title":"Gestione ottimizzata dei crediti - aumentate la vostra liquidit\u00e0","_seopress_titles_desc":"Ridurre il rischio di mancati pagamenti con una gestione professionale dei crediti","_seopress_robots_index":"","footnotes":""},"class_list":["post-19638","page","type-page","status-publish","hentry"],"acf":[],"_links":{"self":[{"href":"https:\/\/zvoove.ch\/it\/wp-json\/wp\/v2\/pages\/19638","targetHints":{"allow":["GET"]}}],"collection":[{"href":"https:\/\/zvoove.ch\/it\/wp-json\/wp\/v2\/pages"}],"about":[{"href":"https:\/\/zvoove.ch\/it\/wp-json\/wp\/v2\/types\/page"}],"author":[{"embeddable":true,"href":"https:\/\/zvoove.ch\/it\/wp-json\/wp\/v2\/users\/14"}],"replies":[{"embeddable":true,"href":"https:\/\/zvoove.ch\/it\/wp-json\/wp\/v2\/comments?post=19638"}],"version-history":[{"count":12,"href":"https:\/\/zvoove.ch\/it\/wp-json\/wp\/v2\/pages\/19638\/revisions"}],"predecessor-version":[{"id":21201,"href":"https:\/\/zvoove.ch\/it\/wp-json\/wp\/v2\/pages\/19638\/revisions\/21201"}],"up":[{"embeddable":true,"href":"https:\/\/zvoove.ch\/it\/wp-json\/wp\/v2\/pages\/19775"}],"wp:attachment":[{"href":"https:\/\/zvoove.ch\/it\/wp-json\/wp\/v2\/media?parent=19638"}],"curies":[{"name":"wp","href":"https:\/\/api.w.org\/{rel}","templated":true}]}}