{"id":19620,"date":"2023-07-13T11:57:01","date_gmt":"2023-07-13T09:57:01","guid":{"rendered":"https:\/\/zvoove.ch\/casa"},"modified":"2024-05-01T20:24:55","modified_gmt":"2024-05-01T18:24:55","slug":"casa","status":"publish","type":"page","link":"https:\/\/zvoove.ch\/it","title":{"rendered":"Casa"},"content":{"rendered":"<div \n    data-block=\"container\"\n    class=\"bg-cover has-olive-green-5-background pt-60 ph:pt-30 pb-30 ph:pb-20 \"\n    id=\"\"\n    \n>\n    <div\n        class=\"flex flex-col gap-18 ph:gap-12 container \"\n        x-ref=\"innerBlocks\"\n    >\n        \n<div \n    data-block=\"text-image\" \n    class=\"grid grid-cols-2 gap-18 ph:gap-6 tp:grid-cols-1 \"\n>\n    <div class=\"flex\">\n        <div class=\"my-auto\">\n            <div x-ref=\"innerBlocks\" class=\"prose ki-animation\">\n                \n\n<h1 class=\"wp-block-heading\">Un unico fornitore per tutti i processi<\/h1>\n\n\n\n<p>zvoove digitalizza i processi di lavoro quotidiani dei fornitori di servizi al personale end-to-end. Con il nostro software e i nostri servizi perfettamente interconnessi, potete ottimizzare e controllare tutti i processi operativi.<\/p>\n\n\n<div\n    data-block=\"buttons\"\n    class=\"buttons flex flex-wrap justify-start gap-4\"\n    x-ref=\"innerBlocks\"\n>\n    \n<a\n    data-block=\"button\"\n    href=\"https:\/\/zvoove.ch\/it\/chi-siamo\/contattateci\/consulenza\"\n    target=\"_self\"\n    class=\"ph:w-full \"\n>\n    \n\n\n<span\n    class=\"base-button button-hocus:-translate-y-0.5 flex items-center justify-center h-14 pt-[0.2em] base-button-solid px-8 bg-mountain-green dark-bg:bg-white button-hocus:shadow-button rounded-full font-normal dark-bg:text-midnight text-white text-18 whitespace-nowrap transition\"\n    \n>\n    Consulenza sui prodotti\n<\/span><\/a>\n\n<\/div>\n\n            <\/div>\n        <\/div>\n    <\/div>\n\n    <div class=\"image ki-animation flex order-first tp:order-first\">\n        <img loading=\"lazy\" decoding=\"async\" width=\"1160\" height=\"1071\" src=\"https:\/\/zvoove.ch\/wp-content\/uploads\/2024\/01\/Additional-option-11.png\" class=\"block w-full h-auto m-auto\" alt=\"\" srcset=\"https:\/\/zvoove.ch\/wp-content\/uploads\/2024\/01\/Additional-option-11.png 1160w, https:\/\/zvoove.ch\/wp-content\/uploads\/2024\/01\/Additional-option-11-300x277.png 300w, https:\/\/zvoove.ch\/wp-content\/uploads\/2024\/01\/Additional-option-11-1024x945.png 1024w, https:\/\/zvoove.ch\/wp-content\/uploads\/2024\/01\/Additional-option-11-768x709.png 768w\" sizes=\"auto, (max-width: 1160px) 100vw, 1160px\" \/>\n    <\/div>\n<\/div>\n\n    <\/div>\n<\/div>\n\n<div \n    data-block=\"container\"\n    class=\"bg-cover has-sky-20-background pt-15 ph:pt-10 pb-15 ph:pb-10 \"\n    id=\"\"\n    \n>\n    <div\n        class=\"flex flex-col gap-18 ph:gap-12 container \"\n        x-ref=\"innerBlocks\"\n    >\n        \n<div data-block=\"text\" class=\"flex justify-start \">\n    <div class=\"prose  ki-animation w-full max-w-content\" x-ref=\"innerBlocks\" >\n        \n\n<p class=\"has-fz-24-font-size\"><strong>Link rapidi ai nostri prodotti pi\u00f9 popolari<\/strong><\/p>\n\n\n<div\n    data-block=\"buttons\"\n    class=\"buttons flex flex-wrap justify-start gap-4\"\n    x-ref=\"innerBlocks\"\n>\n    \n<a\n    data-block=\"button\"\n    href=\"https:\/\/zvoove.ch\/it\/software\"\n    target=\"_self\"\n    class=\"ph:w-full \"\n>\n    \n\n\n<span\n    class=\"base-button button-hocus:-translate-y-0.5 flex items-center justify-center h-14 pt-[0.2em] base-button-outlined px-8 border-mountain-green dark-bg:border-white button-hocus:shadow-button rounded-full text-midnight border font-normal dark-bg:text-white text-14 whitespace-nowrap transition\"\n    \n>\n    Software\n<\/span><\/a>\n\n<a\n    data-block=\"button\"\n    href=\"https:\/\/zvoove.ch\/it\/servizi\"\n    target=\"_self\"\n    class=\"ph:w-full \"\n>\n    \n\n\n<span\n    class=\"base-button button-hocus:-translate-y-0.5 flex items-center justify-center h-14 pt-[0.2em] base-button-outlined px-8 border-mountain-green dark-bg:border-white button-hocus:shadow-button rounded-full text-midnight border font-normal dark-bg:text-white text-14 whitespace-nowrap transition\"\n    \n>\n    Servizi\n<\/span><\/a>\n\n<\/div>\n\n    <\/div>\n<\/div>\n\n    <\/div>\n<\/div>\n\n<div \n    data-block=\"container\"\n    class=\"bg-cover has-default-background pt-0 pb-15 ph:pb-10 \"\n    id=\"\"\n    \n>\n    <div\n        class=\"flex flex-col gap-18 ph:gap-12 w-full \"\n        x-ref=\"innerBlocks\"\n    >\n        \n<div\n    data-block=\"card-slider\"\n    class=\"relative flex gap-6 ph:gap-4 overflow-auto\"\n    data-drag-text=\"\"\n    x-data=\"cardSlider\"\n    x-ref=\"innerBlocks\"\n>\n    \n<div \n    data-block=\"career-card\"\n    class=\"shrink-0 flex flex-col justify-between items-start w-[37.75rem] ph:w-[19.5rem] min-h-[22rem] ph:min-h-[16rem] h-full rounded bg-yellow-green-20 p-20 ph:p-8 gap-4 \"\n>\n    <a \n        href=\"\"\n        target=\"_self\"\n        class=\"text-24 ph:text-18 font-semibold max-w-[22rem]\"\n    >agile\n    <\/a>\n    <span>In zvoove Switzerland AG lavorano oltre 35 dipendenti altamente motivati e impegnati.<\/span>\n    <a \n        href=\"\"\n        target=\"_self\" \n    >\n        \n\n\n<span\n    class=\"base-button button-hocus:-translate-y-0.5 flex items-center justify-center h-10 pt-[0.2em] base-button-text font-semibold text-dark-forest underline underline-offset-8 decoration-2 text-18 whitespace-nowrap transition\"\n    \n>\n    \n<\/span>    <\/a>\n<\/div>\n\n<div \n    data-block=\"career-card\"\n    class=\"shrink-0 flex flex-col justify-between items-start w-[37.75rem] ph:w-[19.5rem] min-h-[22rem] ph:min-h-[16rem] h-full rounded bg-yellow-green-20 p-20 ph:p-8 gap-4 \"\n>\n    <a \n        href=\"\"\n        target=\"_self\"\n        class=\"text-24 ph:text-18 font-semibold max-w-[22rem]\"\n    >leader di mercato\n    <\/a>\n    <span>Pi\u00f9 di 250 clienti in Svizzera lavorano con noi.  <\/span>\n    <a \n        href=\"\"\n        target=\"_self\" \n    >\n        \n\n\n<span\n    class=\"base-button button-hocus:-translate-y-0.5 flex items-center justify-center h-10 pt-[0.2em] base-button-text font-semibold text-dark-forest underline underline-offset-8 decoration-2 text-18 whitespace-nowrap transition\"\n    \n>\n    \n<\/span>    <\/a>\n<\/div>\n\n<div \n    data-block=\"career-card\"\n    class=\"shrink-0 flex flex-col justify-between items-start w-[37.75rem] ph:w-[19.5rem] min-h-[22rem] ph:min-h-[16rem] h-full rounded bg-yellow-green-20 p-20 ph:p-8 gap-4 \"\n>\n    <a \n        href=\"\"\n        target=\"_self\"\n        class=\"text-24 ph:text-18 font-semibold max-w-[22rem]\"\n    >coerente\n    <\/a>\n    <span>La nostra azienda opera nel mercato dei servizi di reclutamento da oltre 35 anni.<\/span>\n    <a \n        href=\"\"\n        target=\"_self\" \n    >\n        \n\n\n<span\n    class=\"base-button button-hocus:-translate-y-0.5 flex items-center justify-center h-10 pt-[0.2em] base-button-text font-semibold text-dark-forest underline underline-offset-8 decoration-2 text-18 whitespace-nowrap transition\"\n    \n>\n    \n<\/span>    <\/a>\n<\/div>\n\n<div \n    data-block=\"career-card\"\n    class=\"shrink-0 flex flex-col justify-between items-start w-[37.75rem] ph:w-[19.5rem] min-h-[22rem] ph:min-h-[16rem] h-full rounded bg-yellow-green-20 p-20 ph:p-8 gap-4 \"\n>\n    <a \n        href=\"\"\n        target=\"_self\"\n        class=\"text-24 ph:text-18 font-semibold max-w-[22rem]\"\n    >certificato\n    <\/a>\n    <span>Il nostro software basato sul web \u00e8 certificato Swissdec e soddisfa quindi i requisiti pi\u00f9 elevati.<\/span>\n    <a \n        href=\"\"\n        target=\"_self\" \n    >\n        \n\n\n<span\n    class=\"base-button button-hocus:-translate-y-0.5 flex items-center justify-center h-10 pt-[0.2em] base-button-text font-semibold text-dark-forest underline underline-offset-8 decoration-2 text-18 whitespace-nowrap transition\"\n    \n>\n    \n<\/span>    <\/a>\n<\/div>\n\n<div \n    data-block=\"career-card\"\n    class=\"shrink-0 flex flex-col justify-between items-start w-[37.75rem] ph:w-[19.5rem] min-h-[22rem] ph:min-h-[16rem] h-full rounded bg-yellow-green-20 p-20 ph:p-8 gap-4 \"\n>\n    <a \n        href=\"\"\n        target=\"_self\"\n        class=\"text-24 ph:text-18 font-semibold max-w-[22rem]\"\n    >resistente\n    <\/a>\n    <span>Oltre 1.600 utenti lavorano ogni giorno con la nostra applicazione.<\/span>\n    <a \n        href=\"\"\n        target=\"_self\" \n    >\n        \n\n\n<span\n    class=\"base-button button-hocus:-translate-y-0.5 flex items-center justify-center h-10 pt-[0.2em] base-button-text font-semibold text-dark-forest underline underline-offset-8 decoration-2 text-18 whitespace-nowrap transition\"\n    \n>\n    \n<\/span>    <\/a>\n<\/div>\n\n<\/div>\n\n    <\/div>\n<\/div>\n\n<div \n    data-block=\"container\"\n    class=\"bg-cover has-olive-green-5-background pt-30 ph:pt-20 pb-30 ph:pb-20 \"\n    id=\"\"\n    \n>\n    <div\n        class=\"flex flex-col gap-18 ph:gap-12 container \"\n        x-ref=\"innerBlocks\"\n    >\n        \n<div \n    data-block=\"text-image\" \n    class=\"grid grid-cols-2 gap-18 ph:gap-6 tp:grid-cols-1 \"\n>\n    <div class=\"flex\">\n        <div class=\"my-auto\">\n            <div x-ref=\"innerBlocks\" class=\"prose ki-animation\">\n                \n\n<h2 class=\"wp-block-heading\">Base digitale  <br>per tutti i fornitori di servizi per il personale<\/h2>\n\n\n\n<p>zvoove \u00e8 la base sicura per tutti i fornitori di servizi al personale in Svizzera. Che cosa significa? I fili dei vostri processi digitali si uniscono in una soluzione SaaS basata su browser: Reclutamento, locazione del personale, collocamento del personale, registrazione delle ore, lavoro mobile, fatturazione, elaborazione delle buste paga, liste per la contabilit\u00e0, statistiche &#8211; tutto da un&#8217;unica fonte e con il supporto di servizi di outsourcing.<\/p>\n\n\n<div\n    data-block=\"buttons\"\n    class=\"buttons flex flex-wrap justify-start gap-4\"\n    x-ref=\"innerBlocks\"\n>\n    \n<a\n    data-block=\"button\"\n    href=\"https:\/\/zvoove.ch\/it\/software\"\n    target=\"_self\"\n    class=\"ph:w-full \"\n>\n    \n\n\n<span\n    class=\"base-button button-hocus:-translate-y-0.5 flex items-center justify-center h-14 pt-[0.2em] base-button-solid px-8 bg-mountain-green dark-bg:bg-white button-hocus:shadow-button rounded-full font-normal dark-bg:text-midnight text-white text-18 whitespace-nowrap transition\"\n    \n>\n    Ai prodotti\n<\/span><\/a>\n\n<\/div>\n\n            <\/div>\n        <\/div>\n    <\/div>\n\n    <div class=\"image ki-animation flex order-last tp:order-first\">\n        <img loading=\"lazy\" decoding=\"async\" width=\"1160\" height=\"1160\" src=\"https:\/\/zvoove.ch\/wp-content\/uploads\/2024\/01\/Additional-option-2.png\" class=\"block w-full h-auto m-auto\" alt=\"\" srcset=\"https:\/\/zvoove.ch\/wp-content\/uploads\/2024\/01\/Additional-option-2.png 1160w, https:\/\/zvoove.ch\/wp-content\/uploads\/2024\/01\/Additional-option-2-300x300.png 300w, https:\/\/zvoove.ch\/wp-content\/uploads\/2024\/01\/Additional-option-2-1024x1024.png 1024w, https:\/\/zvoove.ch\/wp-content\/uploads\/2024\/01\/Additional-option-2-150x150.png 150w, https:\/\/zvoove.ch\/wp-content\/uploads\/2024\/01\/Additional-option-2-768x768.png 768w\" sizes=\"auto, (max-width: 1160px) 100vw, 1160px\" \/>\n    <\/div>\n<\/div>\n\n    <\/div>\n<\/div>\n\n<div \n    data-block=\"container\"\n    class=\"bg-cover has-indigo-2-background pt-30 ph:pt-20 pb-30 ph:pb-20 \"\n    id=\"\"\n    \n>\n    <div\n        class=\"flex flex-col gap-18 ph:gap-12 container \"\n        x-ref=\"innerBlocks\"\n    >\n        \n<div \n    data-block=\"section-intro\"\n    class=\"flex tp:flex-col justify-between gap-6 mb-8 ph:mb-0\"\n>\n    <h2>Perch\u00e9 zvoove?<br \/>\nEcco perch\u00e9!<\/h2>\n    <div \n        class=\"empty:hidden prose max-w-[31.25rem] tl:max-w-[23rem] tp:max-w-none\"\n        x-ref=\"innerBlocks\"\n    >\n\n<p><\/p>\n\n<\/div>\n<\/div>\n\n<div\n    data-block=\"icon-boxes\"\n    data-columns=\"two\"\n    class=\"grid grid-cols-2 ph:grid-cols-1 gap-x-[14.625rem] tl:gap-x-48 tp:gap-x-28 ph:gap-y-12 gap-y-18 \"\n    x-ref=\"innerBlocks\"\n>\n    \n<div\n    x-data=\"iconBox\"\n    data-block=\"icon-box\"\n    class=\" group\"\n    @keydown.escape.window=\"close()\"\n>\n    <div class=\"text-left\">\n        <span class=\"icon ki-animation relative flex mb-4\">\n                            <span class=\"text-[2.75rem]\" style=\"color: \">\n                    <i class=\"ph ph-hand-heart\"><\/i>\n                <\/span>\n                    <\/span>\n        <span class=\"ki-animation block prose-sm\" x-ref=\"innerBlocks\">\n            \n\n<h3 class=\"wp-block-heading\"><strong>Tutti i processi da un&#8217;unica fonte<\/strong><\/h3>\n\n\n\n<p>zvoove digitalizza la vostra azienda end-to-end: dalla ricerca di nuovi dipendenti alla gestione e all&#8217;assunzione del personale, fino alla registrazione delle ore, alla fatturazione, alla contabilit\u00e0 degli stipendi e al reporting.<\/p>\n\n\n        <\/span>\n    <\/div>\n\n    <\/div>\n\n<div\n    x-data=\"iconBox\"\n    data-block=\"icon-box\"\n    class=\" group\"\n    @keydown.escape.window=\"close()\"\n>\n    <div class=\"text-left\">\n        <span class=\"icon ki-animation relative flex mb-4\">\n                            <span class=\"text-[2.75rem]\" style=\"color: \">\n                    <i class=\"ph ph-clock\"><\/i>\n                <\/span>\n                    <\/span>\n        <span class=\"ki-animation block prose-sm\" x-ref=\"innerBlocks\">\n            \n\n<h3 class=\"wp-block-heading\">Risparmiare tempo, risparmiare denaro<\/h3>\n\n\n\n<p>La digitalizzazione olistica vi fa guadagnare tempo e risparmiare denaro. Potete investire entrambi nel vostro attivit\u00e0 principali e concentrarvi sull&#8217;essenziale.<\/p>\n\n\n        <\/span>\n    <\/div>\n\n    <\/div>\n\n<div\n    x-data=\"iconBox\"\n    data-block=\"icon-box\"\n    class=\" group\"\n    @keydown.escape.window=\"close()\"\n>\n    <div class=\"text-left\">\n        <span class=\"icon ki-animation relative flex mb-4\">\n                            <span class=\"text-[2.75rem]\" style=\"color: \">\n                    <i class=\"ph ph-shield-check\"><\/i>\n                <\/span>\n                    <\/span>\n        <span class=\"ki-animation block prose-sm\" x-ref=\"innerBlocks\">\n            \n\n<h3 class=\"wp-block-heading\"><strong>Innovativo e a prova di futuro<\/strong><\/h3>\n\n\n\n<p>Con zvoove \u00e8 possibile sfruttare le innovazioni in modo rapido e reagire in modo flessibile ai cambiamenti del mercato. Nuove tariffe? Nuove norme giuridiche? Mantenete calma, zvoove se ne render\u00e0 conto per voi.<\/p>\n\n\n        <\/span>\n    <\/div>\n\n    <\/div>\n\n<div\n    x-data=\"iconBox\"\n    data-block=\"icon-box\"\n    class=\" group\"\n    @keydown.escape.window=\"close()\"\n>\n    <div class=\"text-left\">\n        <span class=\"icon ki-animation relative flex mb-4\">\n                            <span class=\"text-[2.75rem]\" style=\"color: \">\n                    <i class=\"ph ph-anchor\"><\/i>\n                <\/span>\n                    <\/span>\n        <span class=\"ki-animation block prose-sm\" x-ref=\"innerBlocks\">\n            \n\n<h3 class=\"wp-block-heading\"><strong>Affidabile e resistente<\/strong><\/h3>\n\n\n\n<p>zvoove \u00e8 consapevole della propria responsabilit\u00e0. Con diversi decenni d&#8217;esperienza nel settore dei servizi al personale, siamo al vostro fianco per supportarvi nella vostra strategia di digitalizzazione.<\/p>\n\n\n        <\/span>\n    <\/div>\n\n    <\/div>\n\n<\/div>\n\n    <\/div>\n<\/div>\n\n<div \n    data-block=\"container\"\n    class=\"bg-cover has-indigo-2-background pt-30 ph:pt-20 pb-30 ph:pb-20 \"\n    id=\"\"\n    \n>\n    <div\n        class=\"flex flex-col gap-18 ph:gap-12 w-full \"\n        x-ref=\"innerBlocks\"\n    >\n        \n<div data-block=\"text\" class=\"flex justify-center \">\n    <div class=\"prose prose-center ki-animation w-full max-w-content\" x-ref=\"innerBlocks\" >\n        \n\n<p class=\"has-text-align-right has-fz-32-font-size\"><strong>Ogni giorno lavorativo \u00e8 pi\u00f9 facile con zvoove.<\/strong><\/p>\n\n\n    <\/div>\n<\/div>\n\n<div \n    data-block=\"responsive-image\" \n    class=\"w-full h-auto \"\n>\n    <picture>\n                    <source\n                srcset=\"https:\/\/zvoove.ch\/wp-content\/uploads\/2024\/01\/Grouphomepage_shape_green1.png\"\n                media=\"(orientation: landscape)\"\n                type=\"image\/png\"\n            >\n                \n                    <source\n                srcset=\"https:\/\/zvoove.ch\/wp-content\/uploads\/2024\/01\/Groupmobil_shape1.png\"\n                media=\"(orientation: portrait)\"\n                type=\"image\/png\"\n            >\n        \n                    <img decoding=\"async\"\n                src=\"https:\/\/zvoove.ch\/wp-content\/uploads\/2024\/01\/Grouphomepage_shape_green1.png\"\n                alt=\"homepage_shape\"\n                loading=\"lazy\"\n                class=\"block w-full h-auto\"\n                \n                \n            >\n            <\/picture>\n<\/div>\n\n    <\/div>\n<\/div>\n\n<div \n    data-block=\"container\"\n    class=\"bg-cover has-olive-green-5-background pt-30 ph:pt-20 pb-30 ph:pb-20 \"\n    id=\"\"\n    \n>\n    <div\n        class=\"flex flex-col gap-18 ph:gap-12 container \"\n        x-ref=\"innerBlocks\"\n    >\n        \n<div data-block=\"text\" class=\"flex justify-start \">\n    <div class=\"prose  ki-animation w-full max-w-content\" x-ref=\"innerBlocks\" >\n        \n\n<p class=\"has-fz-24-font-size\">Pi\u00f9 veloce, pi\u00f9 leggero e pi\u00f9 conveniente: crediamo che la digitalizzazione stia cambiando la vita in meglio. Aiutiamo i fornitori di servizi al personale a posizionarsi per il futuro. Il nostro approccio \u00e8 olistico: zvoove riunisce fornitori di servizi, dipendenti e aziende per creare ambienti di lavoro.<\/p>\n\n\n    <\/div>\n<\/div>\n\n    <\/div>\n<\/div>\n\n<div \n    data-block=\"container\"\n    class=\"bg-cover has-default-background pt-30 ph:pt-20 pb-30 ph:pb-20 \"\n    id=\"\"\n    \n>\n    <div\n        class=\"flex flex-col gap-18 ph:gap-12 container \"\n        x-ref=\"innerBlocks\"\n    >\n        \n<div \n    data-block=\"text-image\" \n    class=\"grid grid-cols-2 gap-18 ph:gap-6 tp:grid-cols-1 \"\n>\n    <div class=\"flex\">\n        <div class=\"my-auto\">\n            <div x-ref=\"innerBlocks\" class=\"prose ki-animation\">\n                \n\n<h2 class=\"wp-block-heading has-fz-56-font-size\"><strong>Fissate una consulenza oggi stesso!<\/strong><\/h2>\n\n\n\n<p class=\"has-fz-18-font-size\">Con zvoove \u00e8 possibile organizzare tutti i processi aziendali quotidiani. Fateci sapere di cosa avete bisogno: vi risponderemo e troveremo la vostra soluzione.<\/p>\n\n\n<div\n    data-block=\"buttons\"\n    class=\"buttons flex flex-wrap justify-start gap-4\"\n    x-ref=\"innerBlocks\"\n>\n    \n<a\n    data-block=\"button\"\n    href=\"https:\/\/zvoove.ch\/it\/chi-siamo\/contattateci\/consulenza\"\n    target=\"_self\"\n    class=\"ph:w-full \"\n>\n    \n\n\n<span\n    class=\"base-button button-hocus:-translate-y-0.5 flex items-center justify-center h-14 pt-[0.2em] base-button-outlined px-8 border-mountain-green dark-bg:border-white button-hocus:shadow-button rounded-full text-midnight border font-normal dark-bg:text-white text-16 whitespace-nowrap transition\"\n    \n>\n    Richiesta di consulenza\n<\/span><\/a>\n\n<\/div>\n\n            <\/div>\n        <\/div>\n    <\/div>\n\n    <div class=\"image ki-animation flex order-last tp:order-first\">\n        <img loading=\"lazy\" decoding=\"async\" width=\"1048\" height=\"1048\" src=\"https:\/\/zvoove.ch\/wp-content\/uploads\/2024\/01\/Group-56141.png\" class=\"block w-full h-auto m-auto\" alt=\"\" srcset=\"https:\/\/zvoove.ch\/wp-content\/uploads\/2024\/01\/Group-56141.png 1048w, https:\/\/zvoove.ch\/wp-content\/uploads\/2024\/01\/Group-56141-300x300.png 300w, https:\/\/zvoove.ch\/wp-content\/uploads\/2024\/01\/Group-56141-1024x1024.png 1024w, https:\/\/zvoove.ch\/wp-content\/uploads\/2024\/01\/Group-56141-150x150.png 150w, https:\/\/zvoove.ch\/wp-content\/uploads\/2024\/01\/Group-56141-768x768.png 768w\" sizes=\"auto, (max-width: 1048px) 100vw, 1048px\" \/>\n    <\/div>\n<\/div>\n\n    <\/div>\n<\/div>\n\n<div \n    data-block=\"container\"\n    class=\"bg-cover has-dark-forest-background pt-60 ph:pt-30 pb-60 ph:pb-30 \"\n    id=\"\"\n    style=\"background-image: url(https:\/\/zvoove.ch\/wp-content\/uploads\/2023\/12\/pattern-green.svg)\"\n>\n    <div\n        class=\"flex flex-col gap-18 ph:gap-12 container \"\n        x-ref=\"innerBlocks\"\n    >\n        \n<div data-block=\"text\" class=\"flex justify-center \">\n    <div class=\"prose prose-center ki-animation w-full max-w-content\" x-ref=\"innerBlocks\" >\n        \n\n<h2 class=\"wp-block-heading has-text-align-center\"><strong>Siamo zvoove<\/strong><\/h2>\n\n\n\n<p class=\"has-text-align-center has-fz-18-font-size\">Conoscerci. Scoprite chi siamo e come lavoriamo. E scoprire i valori con cui viviamo, sia internamente che esternamente.<\/p>\n\n\n<div\n    data-block=\"buttons\"\n    class=\"buttons flex flex-wrap justify-center gap-4\"\n    x-ref=\"innerBlocks\"\n>\n    \n<a\n    data-block=\"button\"\n    href=\"https:\/\/zvoove.ch\/it\/chi-siamo\/informazioni-su-zvoove\"\n    target=\"_self\"\n    class=\"ph:w-full \"\n>\n    \n\n\n<span\n    class=\"base-button button-hocus:-translate-y-0.5 flex items-center justify-center h-14 pt-[0.2em] base-button-solid px-8 bg-mountain-green dark-bg:bg-white button-hocus:shadow-button rounded-full font-normal dark-bg:text-midnight text-white text-18 whitespace-nowrap transition\"\n    \n>\n    Per saperne di pi\u00f9\n<\/span><\/a>\n\n<\/div>\n\n    <\/div>\n<\/div>\n\n    <\/div>\n<\/div>","protected":false},"excerpt":{"rendered":"","protected":false},"author":14,"featured_media":0,"parent":0,"menu_order":0,"comment_status":"closed","ping_status":"closed","template":"","meta":{"_acf_changed":false,"_seopress_robots_primary_cat":"","_seopress_titles_title":"zvoove digitalizza il leasing del personale","_seopress_titles_desc":"Software basato su browser per tutti i processi dei fornitori di servizi per il personale","_seopress_robots_index":"","footnotes":""},"class_list":["post-19620","page","type-page","status-publish","hentry"],"acf":[],"_links":{"self":[{"href":"https:\/\/zvoove.ch\/it\/wp-json\/wp\/v2\/pages\/19620","targetHints":{"allow":["GET"]}}],"collection":[{"href":"https:\/\/zvoove.ch\/it\/wp-json\/wp\/v2\/pages"}],"about":[{"href":"https:\/\/zvoove.ch\/it\/wp-json\/wp\/v2\/types\/page"}],"author":[{"embeddable":true,"href":"https:\/\/zvoove.ch\/it\/wp-json\/wp\/v2\/users\/14"}],"replies":[{"embeddable":true,"href":"https:\/\/zvoove.ch\/it\/wp-json\/wp\/v2\/comments?post=19620"}],"version-history":[{"count":25,"href":"https:\/\/zvoove.ch\/it\/wp-json\/wp\/v2\/pages\/19620\/revisions"}],"predecessor-version":[{"id":20585,"href":"https:\/\/zvoove.ch\/it\/wp-json\/wp\/v2\/pages\/19620\/revisions\/20585"}],"wp:attachment":[{"href":"https:\/\/zvoove.ch\/it\/wp-json\/wp\/v2\/media?parent=19620"}],"curies":[{"name":"wp","href":"https:\/\/api.w.org\/{rel}","templated":true}]}}