{"id":19617,"date":"2023-07-13T11:57:01","date_gmt":"2023-07-13T09:57:01","guid":{"rendered":"https:\/\/zvoove.ch\/accueil"},"modified":"2024-05-01T20:25:39","modified_gmt":"2024-05-01T18:25:39","slug":"accueil","status":"publish","type":"page","link":"https:\/\/zvoove.ch\/fr","title":{"rendered":"Accueil"},"content":{"rendered":"<div \n    data-block=\"container\"\n    class=\"bg-cover has-olive-green-5-background pt-60 ph:pt-30 pb-30 ph:pb-20 \"\n    id=\"\"\n    \n>\n    <div\n        class=\"flex flex-col gap-18 ph:gap-12 container \"\n        x-ref=\"innerBlocks\"\n    >\n        \n<div \n    data-block=\"text-image\" \n    class=\"grid grid-cols-2 gap-18 ph:gap-6 tp:grid-cols-1 \"\n>\n    <div class=\"flex\">\n        <div class=\"my-auto\">\n            <div x-ref=\"innerBlocks\" class=\"prose ki-animation\">\n                \n\n<h1 class=\"wp-block-heading\">Un seul fournisseur pour tous les processus<\/h1>\n\n\n\n<p>zvoove num\u00e9rise de bout en bout les processus de travail quotidiens des agences de recrutement. Nos logiciels et services parfaitement int\u00e9gr\u00e9s vous permettent d&#8217;optimiser et de contr\u00f4ler tous les processus d&#8217;exploitation.<\/p>\n\n\n<div\n    data-block=\"buttons\"\n    class=\"buttons flex flex-wrap justify-start gap-4\"\n    x-ref=\"innerBlocks\"\n>\n    \n<a\n    data-block=\"button\"\n    href=\"https:\/\/zvoove.ch\/ueber-uns\/kontakt\/beratung\"\n    target=\"_self\"\n    class=\"ph:w-full \"\n>\n    \n\n\n<span\n    class=\"base-button button-hocus:-translate-y-0.5 flex items-center justify-center h-14 pt-[0.2em] base-button-solid px-8 bg-mountain-green dark-bg:bg-white button-hocus:shadow-button rounded-full font-normal dark-bg:text-midnight text-white text-18 whitespace-nowrap transition\"\n    \n>\n    Conseils sur les produits\n<\/span><\/a>\n\n<\/div>\n\n            <\/div>\n        <\/div>\n    <\/div>\n\n    <div class=\"image ki-animation flex order-first tp:order-first\">\n        <img loading=\"lazy\" decoding=\"async\" width=\"1160\" height=\"1071\" src=\"https:\/\/zvoove.ch\/wp-content\/uploads\/2024\/01\/Additional-option-11.png\" class=\"block w-full h-auto m-auto\" alt=\"\" srcset=\"https:\/\/zvoove.ch\/wp-content\/uploads\/2024\/01\/Additional-option-11.png 1160w, https:\/\/zvoove.ch\/wp-content\/uploads\/2024\/01\/Additional-option-11-300x277.png 300w, https:\/\/zvoove.ch\/wp-content\/uploads\/2024\/01\/Additional-option-11-1024x945.png 1024w, https:\/\/zvoove.ch\/wp-content\/uploads\/2024\/01\/Additional-option-11-768x709.png 768w\" sizes=\"auto, (max-width: 1160px) 100vw, 1160px\" \/>\n    <\/div>\n<\/div>\n\n    <\/div>\n<\/div>\n\n<div \n    data-block=\"container\"\n    class=\"bg-cover has-sky-20-background pt-15 ph:pt-10 pb-15 ph:pb-10 \"\n    id=\"\"\n    \n>\n    <div\n        class=\"flex flex-col gap-18 ph:gap-12 container \"\n        x-ref=\"innerBlocks\"\n    >\n        \n<div data-block=\"text\" class=\"flex justify-start \">\n    <div class=\"prose  ki-animation w-full max-w-content\" x-ref=\"innerBlocks\" >\n        \n\n<p class=\"has-fz-24-font-size\"><strong>Liens rapides vers nos produits les plus populaires<\/strong><\/p>\n\n\n<div\n    data-block=\"buttons\"\n    class=\"buttons flex flex-wrap justify-start gap-4\"\n    x-ref=\"innerBlocks\"\n>\n    \n<a\n    data-block=\"button\"\n    href=\"https:\/\/zvoove.ch\/software\"\n    target=\"_self\"\n    class=\"ph:w-full \"\n>\n    \n\n\n<span\n    class=\"base-button button-hocus:-translate-y-0.5 flex items-center justify-center h-14 pt-[0.2em] base-button-outlined px-8 border-mountain-green dark-bg:border-white button-hocus:shadow-button rounded-full text-midnight border font-normal dark-bg:text-white text-14 whitespace-nowrap transition\"\n    \n>\n    Logiciel\n<\/span><\/a>\n\n<a\n    data-block=\"button\"\n    href=\"https:\/\/zvoove.ch\/services\"\n    target=\"_self\"\n    class=\"ph:w-full \"\n>\n    \n\n\n<span\n    class=\"base-button button-hocus:-translate-y-0.5 flex items-center justify-center h-14 pt-[0.2em] base-button-outlined px-8 border-mountain-green dark-bg:border-white button-hocus:shadow-button rounded-full text-midnight border font-normal dark-bg:text-white text-14 whitespace-nowrap transition\"\n    \n>\n    Services\n<\/span><\/a>\n\n<\/div>\n\n    <\/div>\n<\/div>\n\n    <\/div>\n<\/div>\n\n<div \n    data-block=\"container\"\n    class=\"bg-cover has-default-background pt-0 pb-15 ph:pb-10 \"\n    id=\"\"\n    \n>\n    <div\n        class=\"flex flex-col gap-18 ph:gap-12 w-full \"\n        x-ref=\"innerBlocks\"\n    >\n        \n<div\n    data-block=\"card-slider\"\n    class=\"relative flex gap-6 ph:gap-4 overflow-auto\"\n    data-drag-text=\"\"\n    x-data=\"cardSlider\"\n    x-ref=\"innerBlocks\"\n>\n    \n<div \n    data-block=\"career-card\"\n    class=\"shrink-0 flex flex-col justify-between items-start w-[37.75rem] ph:w-[19.5rem] min-h-[22rem] ph:min-h-[16rem] h-full rounded bg-yellow-green-20 p-20 ph:p-8 gap-4 \"\n>\n    <a \n        href=\"\"\n        target=\"_self\"\n        class=\"text-24 ph:text-18 font-semibold max-w-[22rem]\"\n    >agile\n    <\/a>\n    <span>Plus de 35 collaborateurs extr\u00eamement motiv\u00e9s et engag\u00e9s travaillent chez zvoove Switzerland AG.<\/span>\n    <a \n        href=\"\"\n        target=\"_self\" \n    >\n        \n\n\n<span\n    class=\"base-button button-hocus:-translate-y-0.5 flex items-center justify-center h-10 pt-[0.2em] base-button-text font-semibold text-dark-forest underline underline-offset-8 decoration-2 text-18 whitespace-nowrap transition\"\n    \n>\n    \n<\/span>    <\/a>\n<\/div>\n\n<div \n    data-block=\"career-card\"\n    class=\"shrink-0 flex flex-col justify-between items-start w-[37.75rem] ph:w-[19.5rem] min-h-[22rem] ph:min-h-[16rem] h-full rounded bg-yellow-green-20 p-20 ph:p-8 gap-4 \"\n>\n    <a \n        href=\"\"\n        target=\"_self\"\n        class=\"text-24 ph:text-18 font-semibold max-w-[22rem]\"\n    >leader du march\u00e9\n    <\/a>\n    <span>Plus de 250 clients en Suisse travaillent avec nous.  <\/span>\n    <a \n        href=\"\"\n        target=\"_self\" \n    >\n        \n\n\n<span\n    class=\"base-button button-hocus:-translate-y-0.5 flex items-center justify-center h-10 pt-[0.2em] base-button-text font-semibold text-dark-forest underline underline-offset-8 decoration-2 text-18 whitespace-nowrap transition\"\n    \n>\n    \n<\/span>    <\/a>\n<\/div>\n\n<div \n    data-block=\"career-card\"\n    class=\"shrink-0 flex flex-col justify-between items-start w-[37.75rem] ph:w-[19.5rem] min-h-[22rem] ph:min-h-[16rem] h-full rounded bg-yellow-green-20 p-20 ph:p-8 gap-4 \"\n>\n    <a \n        href=\"https:\/\/zvoove.ch\/fr\"\n        target=\"_self\"\n        class=\"text-24 ph:text-18 font-semibold max-w-[22rem]\"\n    >constant\n    <\/a>\n    <span>Notre entreprise existe depuis plus de 35 ans sur le march\u00e9 du travail temporaire.<\/span>\n    <a \n        href=\"https:\/\/zvoove.ch\/fr\"\n        target=\"_self\" \n    >\n        \n\n\n<span\n    class=\"base-button button-hocus:-translate-y-0.5 flex items-center justify-center h-10 pt-[0.2em] base-button-text font-semibold text-dark-forest underline underline-offset-8 decoration-2 text-18 whitespace-nowrap transition\"\n    \n>\n    \n<\/span>    <\/a>\n<\/div>\n\n<div \n    data-block=\"career-card\"\n    class=\"shrink-0 flex flex-col justify-between items-start w-[37.75rem] ph:w-[19.5rem] min-h-[22rem] ph:min-h-[16rem] h-full rounded bg-yellow-green-20 p-20 ph:p-8 gap-4 \"\n>\n    <a \n        href=\"https:\/\/zvoove.ch\/fr\"\n        target=\"_self\"\n        class=\"text-24 ph:text-18 font-semibold max-w-[22rem]\"\n    >constant\n    <\/a>\n    <span>Notre entreprise existe depuis plus de 35 ans sur le march\u00e9 du travail temporaire.<\/span>\n    <a \n        href=\"https:\/\/zvoove.ch\/fr\"\n        target=\"_self\" \n    >\n        \n\n\n<span\n    class=\"base-button button-hocus:-translate-y-0.5 flex items-center justify-center h-10 pt-[0.2em] base-button-text font-semibold text-dark-forest underline underline-offset-8 decoration-2 text-18 whitespace-nowrap transition\"\n    \n>\n    \n<\/span>    <\/a>\n<\/div>\n\n<div \n    data-block=\"career-card\"\n    class=\"shrink-0 flex flex-col justify-between items-start w-[37.75rem] ph:w-[19.5rem] min-h-[22rem] ph:min-h-[16rem] h-full rounded bg-yellow-green-20 p-20 ph:p-8 gap-4 \"\n>\n    <a \n        href=\"https:\/\/zvoove.ch\/fr\"\n        target=\"_self\"\n        class=\"text-24 ph:text-18 font-semibold max-w-[22rem]\"\n    >\u00e9prouv\u00e9\n    <\/a>\n    <span>Chaque jour, plus de 1&#8217;600 utilisateurs travaillent avec notre application.<\/span>\n    <a \n        href=\"https:\/\/zvoove.ch\/fr\"\n        target=\"_self\" \n    >\n        \n\n\n<span\n    class=\"base-button button-hocus:-translate-y-0.5 flex items-center justify-center h-10 pt-[0.2em] base-button-text font-semibold text-dark-forest underline underline-offset-8 decoration-2 text-18 whitespace-nowrap transition\"\n    \n>\n    \n<\/span>    <\/a>\n<\/div>\n\n<\/div>\n\n    <\/div>\n<\/div>\n\n<div \n    data-block=\"container\"\n    class=\"bg-cover has-olive-green-5-background pt-30 ph:pt-20 pb-30 ph:pb-20 \"\n    id=\"\"\n    \n>\n    <div\n        class=\"flex flex-col gap-18 ph:gap-12 container \"\n        x-ref=\"innerBlocks\"\n    >\n        \n<div \n    data-block=\"text-image\" \n    class=\"grid grid-cols-2 gap-18 ph:gap-6 tp:grid-cols-1 \"\n>\n    <div class=\"flex\">\n        <div class=\"my-auto\">\n            <div x-ref=\"innerBlocks\" class=\"prose ki-animation\">\n                \n\n<h2 class=\"wp-block-heading\">Base num\u00e9rique <br>pour toutes les agences de placement<\/h2>\n\n\n\n<p>zvoove est la base s\u00e9curis\u00e9e pour toutes les agences de placement en Suisse. Ce que cela signifie ? Les fils de vos processus num\u00e9riques convergent vers la solution SaaS bas\u00e9e sur un navigateur : Recrutement, location de services, placement de personnel, saisie des heures, travail mobile, facturation, traitement des salaires, comptabilit\u00e9, statistiques &#8211; le tout d&#8217;un seul tenant et soutenu par des services d&#8217;externalisation.<\/p>\n\n\n<div\n    data-block=\"buttons\"\n    class=\"buttons flex flex-wrap justify-start gap-4\"\n    x-ref=\"innerBlocks\"\n>\n    \n<a\n    data-block=\"button\"\n    href=\"https:\/\/zvoove.ch\/software\"\n    target=\"_self\"\n    class=\"ph:w-full \"\n>\n    \n\n\n<span\n    class=\"base-button button-hocus:-translate-y-0.5 flex items-center justify-center h-14 pt-[0.2em] base-button-solid px-8 bg-mountain-green dark-bg:bg-white button-hocus:shadow-button rounded-full font-normal dark-bg:text-midnight text-white text-18 whitespace-nowrap transition\"\n    \n>\n    Vers les produits\n<\/span><\/a>\n\n<\/div>\n\n            <\/div>\n        <\/div>\n    <\/div>\n\n    <div class=\"image ki-animation flex order-last tp:order-first\">\n        <img loading=\"lazy\" decoding=\"async\" width=\"1160\" height=\"1160\" src=\"https:\/\/zvoove.ch\/wp-content\/uploads\/2024\/01\/Additional-option-2.png\" class=\"block w-full h-auto m-auto\" alt=\"\" srcset=\"https:\/\/zvoove.ch\/wp-content\/uploads\/2024\/01\/Additional-option-2.png 1160w, https:\/\/zvoove.ch\/wp-content\/uploads\/2024\/01\/Additional-option-2-300x300.png 300w, https:\/\/zvoove.ch\/wp-content\/uploads\/2024\/01\/Additional-option-2-1024x1024.png 1024w, https:\/\/zvoove.ch\/wp-content\/uploads\/2024\/01\/Additional-option-2-150x150.png 150w, https:\/\/zvoove.ch\/wp-content\/uploads\/2024\/01\/Additional-option-2-768x768.png 768w\" sizes=\"auto, (max-width: 1160px) 100vw, 1160px\" \/>\n    <\/div>\n<\/div>\n\n    <\/div>\n<\/div>\n\n<div \n    data-block=\"container\"\n    class=\"bg-cover has-indigo-2-background pt-30 ph:pt-20 pb-30 ph:pb-20 \"\n    id=\"\"\n    \n>\n    <div\n        class=\"flex flex-col gap-18 ph:gap-12 container \"\n        x-ref=\"innerBlocks\"\n    >\n        \n<div \n    data-block=\"section-intro\"\n    class=\"flex tp:flex-col justify-between gap-6 mb-8 ph:mb-0\"\n>\n    <h2>Pourquoi zvoove ?<br \/>\r\nParce que :<\/h2>\n    <div \n        class=\"empty:hidden prose max-w-[31.25rem] tl:max-w-[23rem] tp:max-w-none\"\n        x-ref=\"innerBlocks\"\n    >\n\n<p><\/p>\n\n<\/div>\n<\/div>\n\n<div\n    data-block=\"icon-boxes\"\n    data-columns=\"two\"\n    class=\"grid grid-cols-2 ph:grid-cols-1 gap-x-[14.625rem] tl:gap-x-48 tp:gap-x-28 ph:gap-y-12 gap-y-18 \"\n    x-ref=\"innerBlocks\"\n>\n    \n<div\n    x-data=\"iconBox\"\n    data-block=\"icon-box\"\n    class=\" group\"\n    @keydown.escape.window=\"close()\"\n>\n    <div class=\"text-left\">\n        <span class=\"icon ki-animation relative flex mb-4\">\n                            <span class=\"text-[2.75rem]\" style=\"color: \">\n                    <i class=\"ph ph-hand-heart\"><\/i>\n                <\/span>\n                    <\/span>\n        <span class=\"ki-animation block prose-sm\" x-ref=\"innerBlocks\">\n            \n\n<h3 class=\"wp-block-heading\"><strong>Tous les processus<\/strong> d&#8217;un seul tenant<\/h3>\n\n\n\n<p>zvoove num\u00e9rise votre entreprise de bout en bout : de la recherche de nouveaux collaborateurs \u00e0 la gestion et \u00e0 la location de personnel, en passant par la saisie des heures, la facturation, le calcul des salaires et le reporting.<\/p>\n\n\n        <\/span>\n    <\/div>\n\n    <\/div>\n\n<div\n    x-data=\"iconBox\"\n    data-block=\"icon-box\"\n    class=\" group\"\n    @keydown.escape.window=\"close()\"\n>\n    <div class=\"text-left\">\n        <span class=\"icon ki-animation relative flex mb-4\">\n                            <span class=\"text-[2.75rem]\" style=\"color: \">\n                    <i class=\"ph ph-clock\"><\/i>\n                <\/span>\n                    <\/span>\n        <span class=\"ki-animation block prose-sm\" x-ref=\"innerBlocks\">\n            \n\n<h3 class=\"wp-block-heading\">Gagner du temps, \u00e9conomiser de l&#8217;argent<\/h3>\n\n\n\n<p>La num\u00e9risation int\u00e9grale vous permet de gagner du temps et d&#8217;\u00e9conomiser de l&#8217;argent. Vous pouvez investir ces deux \u00e9l\u00e9ments dans votre activit\u00e9 principale et vous concentrer ainsi sur l&#8217;essentiel.<\/p>\n\n\n        <\/span>\n    <\/div>\n\n    <\/div>\n\n<div\n    x-data=\"iconBox\"\n    data-block=\"icon-box\"\n    class=\" group\"\n    @keydown.escape.window=\"close()\"\n>\n    <div class=\"text-left\">\n        <span class=\"icon ki-animation relative flex mb-4\">\n                            <span class=\"text-[2.75rem]\" style=\"color: \">\n                    <i class=\"ph ph-shield-check\"><\/i>\n                <\/span>\n                    <\/span>\n        <span class=\"ki-animation block prose-sm\" x-ref=\"innerBlocks\">\n            \n\n<h3 class=\"wp-block-heading\"><strong>Innovant &amp; \u00e0 l&#8217;\u00e9preuve du temps<\/strong><\/h3>\n\n\n\n<p>Avec zvoove, vous utilisez rapidement les innovations et r\u00e9agissez de mani\u00e8re flexible aux changements du march\u00e9. Nouveaux tarifs ? Nouvelles dispositions l\u00e9gales ? Gardez votre calme, zvoove les met en \u0153uvre pour vous.<\/p>\n\n\n        <\/span>\n    <\/div>\n\n    <\/div>\n\n<div\n    x-data=\"iconBox\"\n    data-block=\"icon-box\"\n    class=\" group\"\n    @keydown.escape.window=\"close()\"\n>\n    <div class=\"text-left\">\n        <span class=\"icon ki-animation relative flex mb-4\">\n                            <span class=\"text-[2.75rem]\" style=\"color: \">\n                    <i class=\"ph ph-anchor\"><\/i>\n                <\/span>\n                    <\/span>\n        <span class=\"ki-animation block prose-sm\" x-ref=\"innerBlocks\">\n            \n\n<h3 class=\"wp-block-heading\"><strong>Fiable &amp; fort<\/strong><\/h3>\n\n\n\n<p>zvoove est conscient de sa responsabilit\u00e9. Forts de plusieurs d\u00e9cennies d&#8217;exp\u00e9rience dans le secteur de la location de services, nous sommes \u00e0 vos c\u00f4t\u00e9s pour vous soutenir dans votre strat\u00e9gie de num\u00e9risation.<\/p>\n\n\n        <\/span>\n    <\/div>\n\n    <\/div>\n\n<\/div>\n\n    <\/div>\n<\/div>\n\n<div \n    data-block=\"container\"\n    class=\"bg-cover has-indigo-2-background pt-30 ph:pt-20 pb-30 ph:pb-20 \"\n    id=\"\"\n    \n>\n    <div\n        class=\"flex flex-col gap-18 ph:gap-12 w-full \"\n        x-ref=\"innerBlocks\"\n    >\n        \n<div data-block=\"text\" class=\"flex justify-center \">\n    <div class=\"prose prose-center ki-animation w-full max-w-content\" x-ref=\"innerBlocks\" >\n        \n\n<p class=\"has-text-align-right has-fz-32-font-size\"><strong>Avec zvoove, chaque journ\u00e9e de travail est plus facile.<\/strong><\/p>\n\n\n    <\/div>\n<\/div>\n\n<div \n    data-block=\"responsive-image\" \n    class=\"w-full h-auto \"\n>\n    <picture>\n                    <source\n                srcset=\"https:\/\/zvoove.ch\/wp-content\/uploads\/2024\/01\/Grouphomepage_shape_green1.png\"\n                media=\"(orientation: landscape)\"\n                type=\"image\/png\"\n            >\n                \n                    <source\n                srcset=\"https:\/\/zvoove.ch\/wp-content\/uploads\/2024\/01\/Groupmobil_shape1.png\"\n                media=\"(orientation: portrait)\"\n                type=\"image\/png\"\n            >\n        \n                    <img decoding=\"async\"\n                src=\"https:\/\/zvoove.ch\/wp-content\/uploads\/2024\/01\/Grouphomepage_shape_green1.png\"\n                alt=\"homepage_shape\"\n                loading=\"lazy\"\n                class=\"block w-full h-auto\"\n                \n                \n            >\n            <\/picture>\n<\/div>\n\n    <\/div>\n<\/div>\n\n<div \n    data-block=\"container\"\n    class=\"bg-cover has-olive-green-5-background pt-30 ph:pt-20 pb-30 ph:pb-20 \"\n    id=\"\"\n    \n>\n    <div\n        class=\"flex flex-col gap-18 ph:gap-12 container \"\n        x-ref=\"innerBlocks\"\n    >\n        \n<div data-block=\"text\" class=\"flex justify-start \">\n    <div class=\"prose  ki-animation w-full max-w-content\" x-ref=\"innerBlocks\" >\n        \n\n<p class=\"has-fz-24-font-size\">Plus rapide, plus facile et plus confortable : nous sommes persuad\u00e9s que la num\u00e9risation change la vie pour le mieux. Nous aidons les entreprises de placement \u00e0 se pr\u00e9parer \u00e0 l&#8217;avenir. Nous pensons de mani\u00e8re globale : gr\u00e2ce \u00e0 zvoove, les prestataires de services, les travailleurs et les entreprises se rencontrent et cr\u00e9ent ensemble des univers de travail.<\/p>\n\n\n    <\/div>\n<\/div>\n\n    <\/div>\n<\/div>\n\n<div \n    data-block=\"container\"\n    class=\"bg-cover has-default-background pt-30 ph:pt-20 pb-30 ph:pb-20 \"\n    id=\"\"\n    \n>\n    <div\n        class=\"flex flex-col gap-18 ph:gap-12 container \"\n        x-ref=\"innerBlocks\"\n    >\n        \n<div \n    data-block=\"text-image\" \n    class=\"grid grid-cols-2 gap-18 ph:gap-6 tp:grid-cols-1 \"\n>\n    <div class=\"flex\">\n        <div class=\"my-auto\">\n            <div x-ref=\"innerBlocks\" class=\"prose ki-animation\">\n                \n\n<h2 class=\"wp-block-heading has-fz-56-font-size\"><strong>Prenez rendez-vous d\u00e8s aujourd&#8217;hui pour une pr\u00e9sentation !<\/strong><\/h2>\n\n\n\n<p class=\"has-fz-18-font-size\">Avec zvoove, vous organisez tous les processus quotidiens. Faites-nous savoir ce dont vous avez besoin &#8211; nous vous contacterons pour trouver votre solution.<\/p>\n\n\n<div\n    data-block=\"buttons\"\n    class=\"buttons flex flex-wrap justify-start gap-4\"\n    x-ref=\"innerBlocks\"\n>\n    \n<a\n    data-block=\"button\"\n    href=\"https:\/\/zvoove.ch\/fr\/a-propos-de-nous\/contact\/conseil\"\n    target=\"_self\"\n    class=\"ph:w-full \"\n>\n    \n\n\n<span\n    class=\"base-button button-hocus:-translate-y-0.5 flex items-center justify-center h-14 pt-[0.2em] base-button-outlined px-8 border-mountain-green dark-bg:border-white button-hocus:shadow-button rounded-full text-midnight border font-normal dark-bg:text-white text-16 whitespace-nowrap transition\"\n    \n>\n    Nous contacter pour une pr\u00e9sentation\n<\/span><\/a>\n\n<\/div>\n\n            <\/div>\n        <\/div>\n    <\/div>\n\n    <div class=\"image ki-animation flex order-last tp:order-first\">\n        <img loading=\"lazy\" decoding=\"async\" width=\"1048\" height=\"1048\" src=\"https:\/\/zvoove.ch\/wp-content\/uploads\/2024\/01\/Group-56141.png\" class=\"block w-full h-auto m-auto\" alt=\"\" srcset=\"https:\/\/zvoove.ch\/wp-content\/uploads\/2024\/01\/Group-56141.png 1048w, https:\/\/zvoove.ch\/wp-content\/uploads\/2024\/01\/Group-56141-300x300.png 300w, https:\/\/zvoove.ch\/wp-content\/uploads\/2024\/01\/Group-56141-1024x1024.png 1024w, https:\/\/zvoove.ch\/wp-content\/uploads\/2024\/01\/Group-56141-150x150.png 150w, https:\/\/zvoove.ch\/wp-content\/uploads\/2024\/01\/Group-56141-768x768.png 768w\" sizes=\"auto, (max-width: 1048px) 100vw, 1048px\" \/>\n    <\/div>\n<\/div>\n\n    <\/div>\n<\/div>\n\n<div \n    data-block=\"container\"\n    class=\"bg-cover has-dark-forest-background pt-60 ph:pt-30 pb-60 ph:pb-30 \"\n    id=\"\"\n    style=\"background-image: url(https:\/\/zvoove.ch\/wp-content\/uploads\/2023\/12\/pattern-green.svg)\"\n>\n    <div\n        class=\"flex flex-col gap-18 ph:gap-12 container \"\n        x-ref=\"innerBlocks\"\n    >\n        \n<div data-block=\"text\" class=\"flex justify-center \">\n    <div class=\"prose prose-center ki-animation w-full max-w-content\" x-ref=\"innerBlocks\" >\n        \n\n<h2 class=\"wp-block-heading has-text-align-center\"><strong>Nous sommes zvoove<\/strong><\/h2>\n\n\n\n<p class=\"has-text-align-center has-fz-18-font-size\">Apprenez \u00e0 nous conna\u00eetre. D\u00e9couvrez qui nous sommes et comment nous travaillons. Et d\u00e9couvrez les valeurs que nous vivons &#8211; en interne et en externe.<\/p>\n\n\n<div\n    data-block=\"buttons\"\n    class=\"buttons flex flex-wrap justify-center gap-4\"\n    x-ref=\"innerBlocks\"\n>\n    \n<a\n    data-block=\"button\"\n    href=\"https:\/\/zvoove.ch\/fr\/a-propos-de-nous\/a-propos-de-zvoove\"\n    target=\"_self\"\n    class=\"ph:w-full \"\n>\n    \n\n\n<span\n    class=\"base-button button-hocus:-translate-y-0.5 flex items-center justify-center h-14 pt-[0.2em] base-button-solid px-8 bg-mountain-green dark-bg:bg-white button-hocus:shadow-button rounded-full font-normal dark-bg:text-midnight text-white text-18 whitespace-nowrap transition\"\n    \n>\n    En savoir plus\n<\/span><\/a>\n\n<\/div>\n\n    <\/div>\n<\/div>\n\n    <\/div>\n<\/div>","protected":false},"excerpt":{"rendered":"","protected":false},"author":14,"featured_media":0,"parent":0,"menu_order":0,"comment_status":"closed","ping_status":"closed","template":"","meta":{"_acf_changed":false,"_seopress_robots_primary_cat":"","_seopress_titles_title":"zvoove num\u00e9rise la location de services","_seopress_titles_desc":"logiciel bas\u00e9 sur un navigateur pour tous les processus pour les services de l'emploi","_seopress_robots_index":"","footnotes":""},"class_list":["post-19617","page","type-page","status-publish","hentry"],"acf":[],"_links":{"self":[{"href":"https:\/\/zvoove.ch\/fr\/wp-json\/wp\/v2\/pages\/19617","targetHints":{"allow":["GET"]}}],"collection":[{"href":"https:\/\/zvoove.ch\/fr\/wp-json\/wp\/v2\/pages"}],"about":[{"href":"https:\/\/zvoove.ch\/fr\/wp-json\/wp\/v2\/types\/page"}],"author":[{"embeddable":true,"href":"https:\/\/zvoove.ch\/fr\/wp-json\/wp\/v2\/users\/14"}],"replies":[{"embeddable":true,"href":"https:\/\/zvoove.ch\/fr\/wp-json\/wp\/v2\/comments?post=19617"}],"version-history":[{"count":24,"href":"https:\/\/zvoove.ch\/fr\/wp-json\/wp\/v2\/pages\/19617\/revisions"}],"predecessor-version":[{"id":20366,"href":"https:\/\/zvoove.ch\/fr\/wp-json\/wp\/v2\/pages\/19617\/revisions\/20366"}],"wp:attachment":[{"href":"https:\/\/zvoove.ch\/fr\/wp-json\/wp\/v2\/media?parent=19617"}],"curies":[{"name":"wp","href":"https:\/\/api.w.org\/{rel}","templated":true}]}}